{"id":5137,"date":"2015-06-18T11:52:49","date_gmt":"2015-06-18T08:52:49","guid":{"rendered":"https:\/\/www.changemaker.fi\/?page_id=5137"},"modified":"2024-06-05T13:43:33","modified_gmt":"2024-06-05T10:43:33","slug":"campaign","status":"publish","type":"page","link":"https:\/\/www.changemaker.fi\/en\/campaign\/","title":{"rendered":"V\u00e4litt\u00e4\u00e4k\u00f6 Suomi? Does Finland care?"},"content":{"rendered":"<p><strong>Changemaker\u2019s \u201cV\u00e4litt\u00e4\u00e4k\u00f6 Suomi?&#8221; (in English: &#8220;Does Finland Care?\u201d) campaign saw the light of day at the World Village Festival in Helsinki at the end of May. The campaign\u2019s volunteers collected postcards at the festival, which Changemaker will send to Prime Minister Petteri Orpo at the end of the summer.<\/strong><\/p>\n<p>The \u201cV\u00e4litt\u00e4\u00e4k\u00f6 Suomi?\/ Does Finland Care?\u201d campaign was born as a reaction to the ongoing inward turn: just when global and complex crises are shaking the world and the international community, Finland is turning inward, closing its borders, and cutting development cooperation and climate funding.<\/p>\n<p>Celebrating its 20th anniversary, the Changemaker youth network highlights old campaign themes that are still relevant today in its anniversary campaign. However, the campaign does not only look back but also forward, posing an important question: what kind of country does Finland want to be? Changemaker wants to oppose the current inward turning direction that Finland is taking. The network\u2019s youth believe that this time requires bold actions, openness, and international cooperation to solve global problems.<\/p>\n<p><em>\u201cInternational crises affect Finland, whether we like it or not. Therefore, it is important to actively cooperate to solve them, rather than burying our heads in the sand pretending there are no problems at all. With a brisk approach, effects can also be managed,\u201d<\/em> says Changemaker\u2019s chairperson Lauri Heikkinen.<\/p>\n<p>The campaign highlights three themes from Changemaker\u2019s old campaigns that are still relevant: climate, development cooperation funding, and refugees. The Finnish government is planning to cut both climate and development cooperation funding and is planning actions that are in stark contradiction with international refugee rights to keep asylum seekers outside Finland\u2019s borders. Such avoidance of responsibility will not solve the great challenges that lie behind these issues.<\/p>\n<p>The campaign includes a postcard campaign to be carried out during the summer, social media campaigning, and direct influence on decision-makers. If you want to join the campaign, you can join the advocacy group that meets approximately once per month.<\/p>\n","protected":false},"excerpt":{"rendered":"<p>Changemaker\u2019s \u201cV\u00e4litt\u00e4\u00e4k\u00f6 Suomi?&#8221; (in English: &#8220;Does Finland Care?\u201d) campaign saw the light of day at the World Village Festival in Helsinki at the end of May. The campaign\u2019s volunteers collected postcards at the festival, which Changemaker will send to Prime Minister Petteri Orpo at the end of the summer. The \u201cV\u00e4litt\u00e4\u00e4k\u00f6 Suomi?\/ Does Finland Care?\u201d [&hellip;]<\/p>\n","protected":false},"author":3,"featured_media":21000,"parent":0,"menu_order":0,"comment_status":"closed","ping_status":"closed","template":"","meta":{"_acf_changed":false,"footnotes":""},"class_list":["post-5137","page","type-page","status-publish","has-post-thumbnail","hentry"],"acf":[],"yoast_head":"<!-- This site is optimized with the Yoast SEO plugin v27.3 - https:\/\/yoast.com\/product\/yoast-seo-wordpress\/ -->\n<title>Campaign - Changemaker\u00a0<\/title>\n<meta name=\"description\" content=\"Youth face more online harassment than other age groups according to a Finnish study. Online harassment and hate speech that is directed at young people decreases their rights to a safe internet. This is not a purely Finnish problem, since young people face harassment all over the world. Changemaker aims to raise awareness on this issue via the Verkko vapaaksi \u2013campaign and demands that Finland does more to combat online harassment directed at young people in Finland and globally.\" \/>\n<meta name=\"robots\" content=\"index, follow, max-snippet:-1, max-image-preview:large, max-video-preview:-1\" \/>\n<link rel=\"canonical\" href=\"https:\/\/www.changemaker.fi\/en\/campaign\/\" \/>\n<meta property=\"og:locale\" content=\"en_US\" \/>\n<meta property=\"og:type\" content=\"article\" \/>\n<meta property=\"og:title\" content=\"Campaign - Changemaker\u00a0\" \/>\n<meta property=\"og:description\" content=\"Youth face more online harassment than other age groups according to a Finnish study. Online harassment and hate speech that is directed at young people decreases their rights to a safe internet. This is not a purely Finnish problem, since young people face harassment all over the world. Changemaker aims to raise awareness on this issue via the Verkko vapaaksi \u2013campaign and demands that Finland does more to combat online harassment directed at young people in Finland and globally.\" \/>\n<meta property=\"og:url\" content=\"https:\/\/www.changemaker.fi\/en\/campaign\/\" \/>\n<meta property=\"og:site_name\" content=\"Changemaker\" \/>\n<meta property=\"article:modified_time\" content=\"2024-06-05T10:43:33+00:00\" \/>\n<meta property=\"og:image\" content=\"https:\/\/www.changemaker.fi\/wp-content\/uploads\/CM_Va\u2560elitta\u2560ea\u2560eko\u2560e_Suomi_1024x576_170424.jpg\" \/>\n\t<meta property=\"og:image:width\" content=\"1024\" \/>\n\t<meta property=\"og:image:height\" content=\"576\" \/>\n\t<meta property=\"og:image:type\" content=\"image\/jpeg\" \/>\n<meta name=\"twitter:label1\" content=\"Est. reading time\" \/>\n\t<meta name=\"twitter:data1\" content=\"3 minutes\" \/>\n<script type=\"application\/ld+json\" class=\"yoast-schema-graph\">{\"@context\":\"https:\\\/\\\/schema.org\",\"@graph\":[{\"@type\":\"WebPage\",\"@id\":\"https:\\\/\\\/www.changemaker.fi\\\/en\\\/campaign\\\/\",\"url\":\"https:\\\/\\\/www.changemaker.fi\\\/en\\\/campaign\\\/\",\"name\":\"Campaign - Changemaker\u00a0\",\"isPartOf\":{\"@id\":\"https:\\\/\\\/www.changemaker.fi\\\/#website\"},\"primaryImageOfPage\":{\"@id\":\"https:\\\/\\\/www.changemaker.fi\\\/en\\\/campaign\\\/#primaryimage\"},\"image\":{\"@id\":\"https:\\\/\\\/www.changemaker.fi\\\/en\\\/campaign\\\/#primaryimage\"},\"thumbnailUrl\":\"https:\\\/\\\/www.changemaker.fi\\\/wp-content\\\/uploads\\\/CM_Va\u2560elitta\u2560ea\u2560eko\u2560e_Suomi_1024x576_170424.jpg\",\"datePublished\":\"2015-06-18T08:52:49+00:00\",\"dateModified\":\"2024-06-05T10:43:33+00:00\",\"description\":\"Youth face more online harassment than other age groups according to a Finnish study. Online harassment and hate speech that is directed at young people decreases their rights to a safe internet. This is not a purely Finnish problem, since young people face harassment all over the world. Changemaker aims to raise awareness on this issue via the Verkko vapaaksi \u2013campaign and demands that Finland does more to combat online harassment directed at young people in Finland and globally.\",\"breadcrumb\":{\"@id\":\"https:\\\/\\\/www.changemaker.fi\\\/en\\\/campaign\\\/#breadcrumb\"},\"inLanguage\":\"en-US\",\"potentialAction\":[{\"@type\":\"ReadAction\",\"target\":[\"https:\\\/\\\/www.changemaker.fi\\\/en\\\/campaign\\\/\"]}]},{\"@type\":\"ImageObject\",\"inLanguage\":\"en-US\",\"@id\":\"https:\\\/\\\/www.changemaker.fi\\\/en\\\/campaign\\\/#primaryimage\",\"url\":\"https:\\\/\\\/www.changemaker.fi\\\/wp-content\\\/uploads\\\/CM_Va\u2560elitta\u2560ea\u2560eko\u2560e_Suomi_1024x576_170424.jpg\",\"contentUrl\":\"https:\\\/\\\/www.changemaker.fi\\\/wp-content\\\/uploads\\\/CM_Va\u2560elitta\u2560ea\u2560eko\u2560e_Suomi_1024x576_170424.jpg\",\"width\":1024,\"height\":576,\"caption\":\"V\u00e4litt\u00e4\u00e4k\u00f6 Suomi?\"},{\"@type\":\"BreadcrumbList\",\"@id\":\"https:\\\/\\\/www.changemaker.fi\\\/en\\\/campaign\\\/#breadcrumb\",\"itemListElement\":[{\"@type\":\"ListItem\",\"position\":1,\"name\":\"Home\",\"item\":\"https:\\\/\\\/www.changemaker.fi\\\/en\\\/\"},{\"@type\":\"ListItem\",\"position\":2,\"name\":\"V\u00e4litt\u00e4\u00e4k\u00f6 Suomi? Does Finland care?\"}]},{\"@type\":\"WebSite\",\"@id\":\"https:\\\/\\\/www.changemaker.fi\\\/#website\",\"url\":\"https:\\\/\\\/www.changemaker.fi\\\/\",\"name\":\"Changemaker\",\"description\":\"\",\"potentialAction\":[{\"@type\":\"SearchAction\",\"target\":{\"@type\":\"EntryPoint\",\"urlTemplate\":\"https:\\\/\\\/www.changemaker.fi\\\/?s={search_term_string}\"},\"query-input\":{\"@type\":\"PropertyValueSpecification\",\"valueRequired\":true,\"valueName\":\"search_term_string\"}}],\"inLanguage\":\"en-US\"}]}<\/script>\n<!-- \/ Yoast SEO plugin. -->","yoast_head_json":{"title":"Campaign - Changemaker\u00a0","description":"Youth face more online harassment than other age groups according to a Finnish study. Online harassment and hate speech that is directed at young people decreases their rights to a safe internet. This is not a purely Finnish problem, since young people face harassment all over the world. Changemaker aims to raise awareness on this issue via the Verkko vapaaksi \u2013campaign and demands that Finland does more to combat online harassment directed at young people in Finland and globally.","robots":{"index":"index","follow":"follow","max-snippet":"max-snippet:-1","max-image-preview":"max-image-preview:large","max-video-preview":"max-video-preview:-1"},"canonical":"https:\/\/www.changemaker.fi\/en\/campaign\/","og_locale":"en_US","og_type":"article","og_title":"Campaign - Changemaker\u00a0","og_description":"Youth face more online harassment than other age groups according to a Finnish study. Online harassment and hate speech that is directed at young people decreases their rights to a safe internet. This is not a purely Finnish problem, since young people face harassment all over the world. Changemaker aims to raise awareness on this issue via the Verkko vapaaksi \u2013campaign and demands that Finland does more to combat online harassment directed at young people in Finland and globally.","og_url":"https:\/\/www.changemaker.fi\/en\/campaign\/","og_site_name":"Changemaker","article_modified_time":"2024-06-05T10:43:33+00:00","og_image":[{"width":1024,"height":576,"url":"https:\/\/www.changemaker.fi\/wp-content\/uploads\/CM_Va\u2560elitta\u2560ea\u2560eko\u2560e_Suomi_1024x576_170424.jpg","type":"image\/jpeg"}],"twitter_misc":{"Est. reading time":"3 minutes"},"schema":{"@context":"https:\/\/schema.org","@graph":[{"@type":"WebPage","@id":"https:\/\/www.changemaker.fi\/en\/campaign\/","url":"https:\/\/www.changemaker.fi\/en\/campaign\/","name":"Campaign - Changemaker\u00a0","isPartOf":{"@id":"https:\/\/www.changemaker.fi\/#website"},"primaryImageOfPage":{"@id":"https:\/\/www.changemaker.fi\/en\/campaign\/#primaryimage"},"image":{"@id":"https:\/\/www.changemaker.fi\/en\/campaign\/#primaryimage"},"thumbnailUrl":"https:\/\/www.changemaker.fi\/wp-content\/uploads\/CM_Va\u2560elitta\u2560ea\u2560eko\u2560e_Suomi_1024x576_170424.jpg","datePublished":"2015-06-18T08:52:49+00:00","dateModified":"2024-06-05T10:43:33+00:00","description":"Youth face more online harassment than other age groups according to a Finnish study. Online harassment and hate speech that is directed at young people decreases their rights to a safe internet. This is not a purely Finnish problem, since young people face harassment all over the world. Changemaker aims to raise awareness on this issue via the Verkko vapaaksi \u2013campaign and demands that Finland does more to combat online harassment directed at young people in Finland and globally.","breadcrumb":{"@id":"https:\/\/www.changemaker.fi\/en\/campaign\/#breadcrumb"},"inLanguage":"en-US","potentialAction":[{"@type":"ReadAction","target":["https:\/\/www.changemaker.fi\/en\/campaign\/"]}]},{"@type":"ImageObject","inLanguage":"en-US","@id":"https:\/\/www.changemaker.fi\/en\/campaign\/#primaryimage","url":"https:\/\/www.changemaker.fi\/wp-content\/uploads\/CM_Va\u2560elitta\u2560ea\u2560eko\u2560e_Suomi_1024x576_170424.jpg","contentUrl":"https:\/\/www.changemaker.fi\/wp-content\/uploads\/CM_Va\u2560elitta\u2560ea\u2560eko\u2560e_Suomi_1024x576_170424.jpg","width":1024,"height":576,"caption":"V\u00e4litt\u00e4\u00e4k\u00f6 Suomi?"},{"@type":"BreadcrumbList","@id":"https:\/\/www.changemaker.fi\/en\/campaign\/#breadcrumb","itemListElement":[{"@type":"ListItem","position":1,"name":"Home","item":"https:\/\/www.changemaker.fi\/en\/"},{"@type":"ListItem","position":2,"name":"V\u00e4litt\u00e4\u00e4k\u00f6 Suomi? Does Finland care?"}]},{"@type":"WebSite","@id":"https:\/\/www.changemaker.fi\/#website","url":"https:\/\/www.changemaker.fi\/","name":"Changemaker","description":"","potentialAction":[{"@type":"SearchAction","target":{"@type":"EntryPoint","urlTemplate":"https:\/\/www.changemaker.fi\/?s={search_term_string}"},"query-input":{"@type":"PropertyValueSpecification","valueRequired":true,"valueName":"search_term_string"}}],"inLanguage":"en-US"}]}},"_links":{"self":[{"href":"https:\/\/www.changemaker.fi\/en\/wp-json\/wp\/v2\/pages\/5137","targetHints":{"allow":["GET"]}}],"collection":[{"href":"https:\/\/www.changemaker.fi\/en\/wp-json\/wp\/v2\/pages"}],"about":[{"href":"https:\/\/www.changemaker.fi\/en\/wp-json\/wp\/v2\/types\/page"}],"author":[{"embeddable":true,"href":"https:\/\/www.changemaker.fi\/en\/wp-json\/wp\/v2\/users\/3"}],"replies":[{"embeddable":true,"href":"https:\/\/www.changemaker.fi\/en\/wp-json\/wp\/v2\/comments?post=5137"}],"version-history":[{"count":16,"href":"https:\/\/www.changemaker.fi\/en\/wp-json\/wp\/v2\/pages\/5137\/revisions"}],"predecessor-version":[{"id":21040,"href":"https:\/\/www.changemaker.fi\/en\/wp-json\/wp\/v2\/pages\/5137\/revisions\/21040"}],"wp:featuredmedia":[{"embeddable":true,"href":"https:\/\/www.changemaker.fi\/en\/wp-json\/wp\/v2\/media\/21000"}],"wp:attachment":[{"href":"https:\/\/www.changemaker.fi\/en\/wp-json\/wp\/v2\/media?parent=5137"}],"curies":[{"name":"wp","href":"https:\/\/api.w.org\/{rel}","templated":true}]}}