{"id":19518,"date":"2022-05-25T14:03:06","date_gmt":"2022-05-25T11:03:06","guid":{"rendered":"https:\/\/www.changemaker.fi\/eikesta\/"},"modified":"2022-07-11T14:26:12","modified_gmt":"2022-07-11T11:26:12","slug":"eikesta","status":"publish","type":"page","link":"https:\/\/www.changemaker.fi\/sv\/eikesta\/","title":{"rendered":"Ei kest\u00e4! -kampanj"},"content":{"rendered":"<p>I v\u00e4rlden konsumeras hela tiden mer och mer. Om alla v\u00e4rldens m\u00e4nniskor konsumerade som vi finl\u00e4ndare g\u00f6r skulle det beh\u00f6vas \u00f6ver tre stycken jordglobars resurser. I \u00e5r var Finlands \u00f6verkonsumtionsdag 31.3. Hela jordens befolknings konsumtion kommer uppskattningsvis att stiga till finl\u00e4ndarnas niv\u00e5 \u00e5r 2050. Detta scenario m\u00e5ste stoppas &#8211; ocks\u00e5 finl\u00e4ndarna m\u00e5ste minska sin konsumtion.<\/p>\n<p>Med \u00f6verkonsumtion menas att konsumtionen \u00f6verskrider resurserna. En anledning till \u00f6verkonsumtionen \u00e4r att produkterna \u00e4r av d\u00e5lig kvalitet. Produkter och textilier produceras inte l\u00e4ngre f\u00f6r att h\u00e5lla l\u00e4nge, den enda str\u00e4van i produktionen \u00e4r att maximera vinsten f\u00f6r f\u00f6retagen och aktie\u00e4garna. Nuf\u00f6rtiden \u00e4r produkternas livscykel mycket kort. Detta resulterar exempelvis i billiga kl\u00e4der av extremt d\u00e5lig kvalitet.<\/p>\n<p>Inom elektronikindustrin maximerar f\u00f6retagen sin vinst genom att g\u00f6ra apparaterna sv\u00e5ra att reparera och genom att sluta med programuppdateringar f\u00f6r gamla modeller. P\u00e5 s\u00e5 s\u00e4tt tvingar f\u00f6retagen konsumenten att k\u00f6pa nya produkter. Ocks\u00e5 kulturella faktorer liksom mode och nya trender \u00f6kar v\u00e5r vilja att konsumera och byta ut funktionella och hela produkter och kl\u00e4der mot nya.<\/p>\n<p>\u00d6verkonsumtionen har en negativ inverkan p\u00e5 m\u00e5nga problem g\u00e4llande milj\u00f6n och hela jordens livsvillkor, som till exempel biodiversitetsminskning, kols\u00e4nkors minskning, f\u00f6rsurning av vattendrag, luftf\u00f6rorening, gruvdrift och erosion. P\u00e5 grund av detta har \u00f6verkonsumtionen ocks\u00e5 p\u00e5verkan globalt p\u00e5 social niv\u00e5 exempelvis g\u00e4llande arbetsf\u00f6rh\u00e5llanden, l\u00f6n, utbildningsm\u00f6jligheter, h\u00e4lsa, rent vatten, energi, fred, m\u00e4nskliga r\u00e4ttigheter och j\u00e4mlikhet.<\/p>\n<p>Den cirkul\u00e4ra ekonomin \u00e4r en av l\u00f6sningarna till \u00f6verkonsumtionen. Inom den cirkul\u00e4ra ekonomin str\u00e4var man efter att anv\u00e4nda de redan producerade materialen s\u00e5 m\u00e5nga g\u00e5nger som m\u00f6jligt och att reparera det som redan producerats ist\u00e4llet f\u00f6r att producera nytt. Ist\u00e4llet f\u00f6r att k\u00f6pa produkter l\u00e5nar och hyr man produkter och tj\u00e4nster. Detta kr\u00e4ver ocks\u00e5 en kulturell f\u00f6r\u00e4ndring, vi m\u00e4nniskor m\u00e5ste l\u00e4ra oss att k\u00f6pa mindre nytt och t\u00e4nka igenom v\u00e5ra k\u00f6p noggrannare. F\u00f6r\u00e4ndringar i s\u00e5 h\u00e4r stor skala kan inte en enskild m\u00e4nniska ensam \u00e5stadkomma utan det beh\u00f6vs ocks\u00e5 strukturella reformer och lag\u00e4ndringar. D\u00e4rf\u00f6r har Changemakers kampanj en adress som fr\u00e4mjar transformeringen till cirkul\u00e4r ekonomi med sex steg.<\/p>\n<p>I v\u00e5r kampanj fokuserar vi s\u00e4rskilt mycket p\u00e5 kl\u00e4d- och elektronikindustrin, eftersom dessa ger upphov till m\u00e5nga problem relaterade till \u00f6verkonsumtionen. Kl\u00e4der produceras nuf\u00f6rtiden v\u00e4ldigt ofta av material av d\u00e5lig kvalitet medan f\u00f6retagen st\u00e4ndigt f\u00f6rs\u00f6ker \u00f6ka konsumtionen av elektronikprodukter genom nya uppdateringar. Det vore m\u00f6jligt att producera kl\u00e4der som h\u00e5ller l\u00e4ngre och elektronik vars anv\u00e4ndningstid vore l\u00e4ngre, dessutom kunde produkterna vara l\u00e4ttare att reparera. En del f\u00f6retag g\u00f6r sina produkter h\u00e5llbara och reparerbara, men det finns ingen lag som befogar f\u00f6retagen till detta. F\u00f6rutom lagstiftning \u00e4r ocks\u00e5 den kulturella revolutionen viktig. Vi m\u00e5ste l\u00e4ra oss att anv\u00e4nda v\u00e5ra kl\u00e4der l\u00e4ngre och bygga upp en kultur d\u00e4r normen inte \u00e4r att k\u00f6pa nytt varje s\u00e4song.<\/p>\n<p>Blev du intresserad? F\u00f6r mer info se sidan med bakgrundsfakta!<\/p>\n<h3>Skriv under adressen f\u00f6r att bromsa upp \u00f6verkonsumtionen<\/h3>\n<p>Adressen \u00e4r \u00e4mnad att l\u00e4mnas in till den nya regeringen som v\u00e4ljs 2023. Detta \u00e4r f\u00f6r\u00e4ndringarna som vi kr\u00e4ver:<\/p>\n<ol>\n<li>I ekologiska ekonomireformer m\u00e5ste de sociala p\u00e5verkningarna beaktas.<\/li>\n<li>De lagstadgade minimigarantierna m\u00e5ste f\u00f6rl\u00e4ngas och f\u00f6retagen ska f\u00f6rpliktas att reparera produkter ist\u00e4llet f\u00f6r att ers\u00e4tta dem. Produkter med l\u00e5ng garanti ska beskattas mindre \u00e4n produkter med kortare garanti.<\/li>\n<li>Beskattningen av produkter som \u00e4r gjorda av f\u00f6r milj\u00f6n skadliga material eller av d\u00e5lig kvalitet ska h\u00f6jas, medan produkter som \u00e4r tillverkade av \u00e5tervunnet material ska beskattas mindre. Momsen f\u00f6r reparations- och hyrtj\u00e4nster ska s\u00e4nkas till 11 procent.<\/li>\n<li>F\u00f6retagsst\u00f6den m\u00e5ste bli h\u00e5llbara och st\u00f6den f\u00f6r fossila br\u00e4nslen m\u00e5ste avslutas.<\/li>\n<li>Elektronikf\u00f6retagen m\u00e5ste f\u00f6rpliktas att erbjuda uppdateringar och reservdelar till sina produkter ist\u00e4llet f\u00f6r att kompensera med en ny produkt.<\/li>\n<li>\u00c5terf\u00f6rs\u00e4ljarna m\u00e5ste betala f\u00f6r textil- och livsmedelsavfallet och avfallshanteringen m\u00e5ste \u00f6vervakas ocks\u00e5 internationellt.<\/li>\n<\/ol>\n<p>&nbsp;<\/p>\n\n","protected":false},"excerpt":{"rendered":"<p>I v\u00e4rlden konsumeras hela tiden mer och mer. Om alla v\u00e4rldens m\u00e4nniskor konsumerade som vi finl\u00e4ndare g\u00f6r skulle det beh\u00f6vas \u00f6ver tre stycken jordglobars resurser. I \u00e5r var Finlands \u00f6verkonsumtionsdag 31.3. Hela jordens befolknings konsumtion kommer uppskattningsvis att stiga till finl\u00e4ndarnas niv\u00e5 \u00e5r 2050. Detta scenario m\u00e5ste stoppas &#8211; ocks\u00e5 finl\u00e4ndarna m\u00e5ste minska sin konsumtion. [&hellip;]<\/p>\n","protected":false},"author":1001016,"featured_media":19421,"parent":0,"menu_order":0,"comment_status":"closed","ping_status":"closed","template":"page-templates\/Kampanja.php","meta":{"_acf_changed":false,"footnotes":""},"class_list":["post-19518","page","type-page","status-publish","has-post-thumbnail","hentry"],"acf":[],"yoast_head":"<!-- This site is optimized with the Yoast SEO plugin v27.1.1 - https:\/\/yoast.com\/product\/yoast-seo-wordpress\/ -->\n<title>Ei kest\u00e4! -kampanj - Changemaker<\/title>\n<meta name=\"robots\" content=\"index, follow, max-snippet:-1, max-image-preview:large, max-video-preview:-1\" \/>\n<link rel=\"canonical\" href=\"https:\/\/www.changemaker.fi\/sv\/eikesta\/\" \/>\n<meta property=\"og:locale\" content=\"en_US\" \/>\n<meta property=\"og:type\" content=\"article\" \/>\n<meta property=\"og:title\" content=\"Ei kest\u00e4! -kampanj - Changemaker\" \/>\n<meta property=\"og:description\" content=\"I v\u00e4rlden konsumeras hela tiden mer och mer. Om alla v\u00e4rldens m\u00e4nniskor konsumerade som vi finl\u00e4ndare g\u00f6r skulle det beh\u00f6vas \u00f6ver tre stycken jordglobars resurser. I \u00e5r var Finlands \u00f6verkonsumtionsdag 31.3. Hela jordens befolknings konsumtion kommer uppskattningsvis att stiga till finl\u00e4ndarnas niv\u00e5 \u00e5r 2050. Detta scenario m\u00e5ste stoppas &#8211; ocks\u00e5 finl\u00e4ndarna m\u00e5ste minska sin konsumtion. [&hellip;]\" \/>\n<meta property=\"og:url\" content=\"https:\/\/www.changemaker.fi\/sv\/eikesta\/\" \/>\n<meta property=\"og:site_name\" content=\"Changemaker\" \/>\n<meta property=\"article:modified_time\" content=\"2022-07-11T11:26:12+00:00\" \/>\n<meta property=\"og:image\" content=\"https:\/\/www.changemaker.fi\/wp-content\/uploads\/Eikesta\u2560e_uutiskuva_1024x576_240522.jpg\" \/>\n\t<meta property=\"og:image:width\" content=\"1024\" \/>\n\t<meta property=\"og:image:height\" content=\"576\" \/>\n\t<meta property=\"og:image:type\" content=\"image\/jpeg\" \/>\n<meta name=\"twitter:label1\" content=\"Est. reading time\" \/>\n\t<meta name=\"twitter:data1\" content=\"4 minutes\" \/>\n<script type=\"application\/ld+json\" class=\"yoast-schema-graph\">{\"@context\":\"https:\/\/schema.org\",\"@graph\":[{\"@type\":\"WebPage\",\"@id\":\"https:\/\/www.changemaker.fi\/sv\/eikesta\/\",\"url\":\"https:\/\/www.changemaker.fi\/sv\/eikesta\/\",\"name\":\"Ei kest\u00e4! -kampanj - Changemaker\",\"isPartOf\":{\"@id\":\"https:\/\/www.changemaker.fi\/#website\"},\"primaryImageOfPage\":{\"@id\":\"https:\/\/www.changemaker.fi\/sv\/eikesta\/#primaryimage\"},\"image\":{\"@id\":\"https:\/\/www.changemaker.fi\/sv\/eikesta\/#primaryimage\"},\"thumbnailUrl\":\"https:\/\/www.changemaker.fi\/wp-content\/uploads\/Eikesta\u2560e_uutiskuva_1024x576_240522.jpg\",\"datePublished\":\"2022-05-25T11:03:06+00:00\",\"dateModified\":\"2022-07-11T11:26:12+00:00\",\"breadcrumb\":{\"@id\":\"https:\/\/www.changemaker.fi\/sv\/eikesta\/#breadcrumb\"},\"inLanguage\":\"sv\",\"potentialAction\":[{\"@type\":\"ReadAction\",\"target\":[\"https:\/\/www.changemaker.fi\/sv\/eikesta\/\"]}]},{\"@type\":\"ImageObject\",\"inLanguage\":\"sv\",\"@id\":\"https:\/\/www.changemaker.fi\/sv\/eikesta\/#primaryimage\",\"url\":\"https:\/\/www.changemaker.fi\/wp-content\/uploads\/Eikesta\u2560e_uutiskuva_1024x576_240522.jpg\",\"contentUrl\":\"https:\/\/www.changemaker.fi\/wp-content\/uploads\/Eikesta\u2560e_uutiskuva_1024x576_240522.jpg\",\"width\":1024,\"height\":576},{\"@type\":\"BreadcrumbList\",\"@id\":\"https:\/\/www.changemaker.fi\/sv\/eikesta\/#breadcrumb\",\"itemListElement\":[{\"@type\":\"ListItem\",\"position\":1,\"name\":\"Home\",\"item\":\"https:\/\/www.changemaker.fi\/sv\/\"},{\"@type\":\"ListItem\",\"position\":2,\"name\":\"Ei kest\u00e4! -kampanj\"}]},{\"@type\":\"WebSite\",\"@id\":\"https:\/\/www.changemaker.fi\/#website\",\"url\":\"https:\/\/www.changemaker.fi\/\",\"name\":\"Changemaker\",\"description\":\"\",\"potentialAction\":[{\"@type\":\"SearchAction\",\"target\":{\"@type\":\"EntryPoint\",\"urlTemplate\":\"https:\/\/www.changemaker.fi\/?s={search_term_string}\"},\"query-input\":{\"@type\":\"PropertyValueSpecification\",\"valueRequired\":true,\"valueName\":\"search_term_string\"}}],\"inLanguage\":\"sv\"}]}<\/script>\n<!-- \/ Yoast SEO plugin. -->","yoast_head_json":{"title":"Ei kest\u00e4! -kampanj - Changemaker","robots":{"index":"index","follow":"follow","max-snippet":"max-snippet:-1","max-image-preview":"max-image-preview:large","max-video-preview":"max-video-preview:-1"},"canonical":"https:\/\/www.changemaker.fi\/sv\/eikesta\/","og_locale":"en_US","og_type":"article","og_title":"Ei kest\u00e4! -kampanj - Changemaker","og_description":"I v\u00e4rlden konsumeras hela tiden mer och mer. Om alla v\u00e4rldens m\u00e4nniskor konsumerade som vi finl\u00e4ndare g\u00f6r skulle det beh\u00f6vas \u00f6ver tre stycken jordglobars resurser. I \u00e5r var Finlands \u00f6verkonsumtionsdag 31.3. Hela jordens befolknings konsumtion kommer uppskattningsvis att stiga till finl\u00e4ndarnas niv\u00e5 \u00e5r 2050. Detta scenario m\u00e5ste stoppas &#8211; ocks\u00e5 finl\u00e4ndarna m\u00e5ste minska sin konsumtion. [&hellip;]","og_url":"https:\/\/www.changemaker.fi\/sv\/eikesta\/","og_site_name":"Changemaker","article_modified_time":"2022-07-11T11:26:12+00:00","og_image":[{"width":1024,"height":576,"url":"https:\/\/www.changemaker.fi\/wp-content\/uploads\/Eikesta\u2560e_uutiskuva_1024x576_240522.jpg","type":"image\/jpeg"}],"twitter_misc":{"Est. reading time":"4 minutes"},"schema":{"@context":"https:\/\/schema.org","@graph":[{"@type":"WebPage","@id":"https:\/\/www.changemaker.fi\/sv\/eikesta\/","url":"https:\/\/www.changemaker.fi\/sv\/eikesta\/","name":"Ei kest\u00e4! -kampanj - Changemaker","isPartOf":{"@id":"https:\/\/www.changemaker.fi\/#website"},"primaryImageOfPage":{"@id":"https:\/\/www.changemaker.fi\/sv\/eikesta\/#primaryimage"},"image":{"@id":"https:\/\/www.changemaker.fi\/sv\/eikesta\/#primaryimage"},"thumbnailUrl":"https:\/\/www.changemaker.fi\/wp-content\/uploads\/Eikesta\u2560e_uutiskuva_1024x576_240522.jpg","datePublished":"2022-05-25T11:03:06+00:00","dateModified":"2022-07-11T11:26:12+00:00","breadcrumb":{"@id":"https:\/\/www.changemaker.fi\/sv\/eikesta\/#breadcrumb"},"inLanguage":"sv","potentialAction":[{"@type":"ReadAction","target":["https:\/\/www.changemaker.fi\/sv\/eikesta\/"]}]},{"@type":"ImageObject","inLanguage":"sv","@id":"https:\/\/www.changemaker.fi\/sv\/eikesta\/#primaryimage","url":"https:\/\/www.changemaker.fi\/wp-content\/uploads\/Eikesta\u2560e_uutiskuva_1024x576_240522.jpg","contentUrl":"https:\/\/www.changemaker.fi\/wp-content\/uploads\/Eikesta\u2560e_uutiskuva_1024x576_240522.jpg","width":1024,"height":576},{"@type":"BreadcrumbList","@id":"https:\/\/www.changemaker.fi\/sv\/eikesta\/#breadcrumb","itemListElement":[{"@type":"ListItem","position":1,"name":"Home","item":"https:\/\/www.changemaker.fi\/sv\/"},{"@type":"ListItem","position":2,"name":"Ei kest\u00e4! -kampanj"}]},{"@type":"WebSite","@id":"https:\/\/www.changemaker.fi\/#website","url":"https:\/\/www.changemaker.fi\/","name":"Changemaker","description":"","potentialAction":[{"@type":"SearchAction","target":{"@type":"EntryPoint","urlTemplate":"https:\/\/www.changemaker.fi\/?s={search_term_string}"},"query-input":{"@type":"PropertyValueSpecification","valueRequired":true,"valueName":"search_term_string"}}],"inLanguage":"sv"}]}},"_links":{"self":[{"href":"https:\/\/www.changemaker.fi\/sv\/wp-json\/wp\/v2\/pages\/19518","targetHints":{"allow":["GET"]}}],"collection":[{"href":"https:\/\/www.changemaker.fi\/sv\/wp-json\/wp\/v2\/pages"}],"about":[{"href":"https:\/\/www.changemaker.fi\/sv\/wp-json\/wp\/v2\/types\/page"}],"author":[{"embeddable":true,"href":"https:\/\/www.changemaker.fi\/sv\/wp-json\/wp\/v2\/users\/1001016"}],"replies":[{"embeddable":true,"href":"https:\/\/www.changemaker.fi\/sv\/wp-json\/wp\/v2\/comments?post=19518"}],"version-history":[{"count":5,"href":"https:\/\/www.changemaker.fi\/sv\/wp-json\/wp\/v2\/pages\/19518\/revisions"}],"predecessor-version":[{"id":19523,"href":"https:\/\/www.changemaker.fi\/sv\/wp-json\/wp\/v2\/pages\/19518\/revisions\/19523"}],"wp:featuredmedia":[{"embeddable":true,"href":"https:\/\/www.changemaker.fi\/sv\/wp-json\/wp\/v2\/media\/19421"}],"wp:attachment":[{"href":"https:\/\/www.changemaker.fi\/sv\/wp-json\/wp\/v2\/media?parent=19518"}],"curies":[{"name":"wp","href":"https:\/\/api.w.org\/{rel}","templated":true}]}}