{"id":19524,"date":"2022-05-25T14:06:41","date_gmt":"2022-05-25T11:06:41","guid":{"rendered":"https:\/\/www.changemaker.fi\/eikesta\/taustatietoa\/"},"modified":"2022-07-11T14:29:23","modified_gmt":"2022-07-11T11:29:23","slug":"taustatietoa","status":"publish","type":"page","link":"https:\/\/www.changemaker.fi\/sv\/eikesta\/taustatietoa\/","title":{"rendered":"Bakgrundsfakta"},"content":{"rendered":"<p>Changemaker fokuserar i sin kampanj p\u00e5 textil- och elektronikindustrin, eftersom just de industrierna \u00e4r extremt problematiska.<\/p>\n<p>Utsl\u00e4ppen som textilindustrin ger upphov till \u00e4r st\u00f6rre \u00e4n utsl\u00e4ppen inom sj\u00f6- och flygtrafiken. Anledningen till de stora utsl\u00e4ppen \u00e4r dels de st\u00e4ndigt v\u00e4xlande trenderna som ger ett behov till att k\u00f6pa nytt och dels p\u00e5 att kl\u00e4derna ofta \u00e4r av d\u00e5lig kvalitet och d\u00e4rf\u00f6r inte h\u00e5ller. I Finland kastas det bort ca 70 miljoner kilo textilavfall varje \u00e5r (k\u00e4lla: Eetti). Ist\u00e4llet f\u00f6r snabbmode har vi nu ultrasnabbmode, d\u00e4r nya kollektioner produceras n\u00e4stan varje m\u00e5nad. Att best\u00e4lla kl\u00e4der fr\u00e5n utlandet blir bara billigare och snabbare. Modet \u00e4r i v\u00e5r kultur ett viktigt s\u00e4tt att uttrycka sin identitet, men de snabba trendbytena \u00e4r oh\u00e5llbara och p\u00e5frestande f\u00f6r milj\u00f6n.<\/p>\n<p>Forskningar har visat att ett av de b\u00e4sta s\u00e4tten att p\u00e5verka textilindustrins utsl\u00e4pp \u00e4r att f\u00f6rl\u00e4nga kl\u00e4dernas livsl\u00e4ngd. Changemaker kr\u00e4ver strukturella f\u00f6r\u00e4ndringar som skulle leda till detta. Changemaker kr\u00e4ver att beskattningen skulle h\u00f6jas p\u00e5 produkter tillverkade av f\u00f6r milj\u00f6n skadliga material eller av material av d\u00e5lig kvalitet. D\u00e4remot borde beskattningen av produkter tillverkade av \u00e5tervunnet material s\u00e4nkas. Reparationstj\u00e4nsters moms borde s\u00e4nkas till 11 procent.<\/p>\n<p>Ett nyare fenomen \u00e4r den korta anv\u00e4ndningstiden inom elektronikindustrin. P\u00e5 samma s\u00e4tt som inom textilindustrin har ocks\u00e5 elektroniken g\u00e5tt in i samma slit och sl\u00e4ng -kultur p\u00e5 grund av de v\u00e4xlande trenderna och att det inte finns uppdateringar till \u00e4ldre versioner. P\u00e5 grund av detta g\u00f6r inte producenterna sina produkter h\u00e5llbara, utan antar att de \u00e4nd\u00e5 bara anv\u00e4nds ett par \u00e5r. Till exempel appuppdateringar \u00e4r ofta tillg\u00e4ngliga endast f\u00f6r nyare telefonmodeller.<\/p>\n<p>Textil- och elektronikavfallet \u00e4r ett mycket allvarligt problem. Kl\u00e4der har f\u00f6rts till Afrika s\u00e5 l\u00e4nge att de har blivit ett problem. I motsats till vad folk ofta tror tas inte kl\u00e4derna emot med gl\u00e4dje. Elektronikavfall \u00e4r i allm\u00e4nhet farligt och dess hantering tas inte hand om p\u00e5 ett tillr\u00e4ckligt ansvarsfullt s\u00e4tt. Till och med olika \u00e5tervinningsprocesser kan vara problematiska, d\u00e5 elektronikavfallet ofta hamnar i den globala s\u00f6dern d\u00e4r ocks\u00e5 barn m\u00e5ste samla avfallets dyrbara och farliga delar.<\/p>\n<p>Forskningar har visat att konsumerande inte bringar lycka. Trots det \u00e4r vi vana att shoppa och surfa i n\u00e4tbutiker p\u00e5 grund av dopaminet det ger oss. Ist\u00e4llet f\u00f6r att tillbringa fritiden med att k\u00f6pa nya kl\u00e4der och elektronik kan vi njuta av livet och de saker vi redan har.<\/p>\n","protected":false},"excerpt":{"rendered":"<p>Changemaker fokuserar i sin kampanj p\u00e5 textil- och elektronikindustrin, eftersom just de industrierna \u00e4r extremt problematiska. Utsl\u00e4ppen som textilindustrin ger upphov till \u00e4r st\u00f6rre \u00e4n utsl\u00e4ppen inom sj\u00f6- och flygtrafiken. Anledningen till de stora utsl\u00e4ppen \u00e4r dels de st\u00e4ndigt v\u00e4xlande trenderna som ger ett behov till att k\u00f6pa nytt och dels p\u00e5 att kl\u00e4derna ofta [&hellip;]<\/p>\n","protected":false},"author":1001016,"featured_media":0,"parent":19518,"menu_order":0,"comment_status":"closed","ping_status":"closed","template":"","meta":{"_acf_changed":false,"footnotes":""},"class_list":["post-19524","page","type-page","status-publish","hentry"],"acf":[],"yoast_head":"<!-- This site is optimized with the Yoast SEO plugin v27.3 - https:\/\/yoast.com\/product\/yoast-seo-wordpress\/ -->\n<title>Bakgrundsfakta - Changemaker<\/title>\n<meta name=\"robots\" content=\"index, follow, max-snippet:-1, max-image-preview:large, max-video-preview:-1\" \/>\n<link rel=\"canonical\" href=\"https:\/\/www.changemaker.fi\/sv\/eikesta\/taustatietoa\/\" \/>\n<meta property=\"og:locale\" content=\"en_US\" \/>\n<meta property=\"og:type\" content=\"article\" \/>\n<meta property=\"og:title\" content=\"Bakgrundsfakta - Changemaker\" \/>\n<meta property=\"og:description\" content=\"Changemaker fokuserar i sin kampanj p\u00e5 textil- och elektronikindustrin, eftersom just de industrierna \u00e4r extremt problematiska. Utsl\u00e4ppen som textilindustrin ger upphov till \u00e4r st\u00f6rre \u00e4n utsl\u00e4ppen inom sj\u00f6- och flygtrafiken. Anledningen till de stora utsl\u00e4ppen \u00e4r dels de st\u00e4ndigt v\u00e4xlande trenderna som ger ett behov till att k\u00f6pa nytt och dels p\u00e5 att kl\u00e4derna ofta [&hellip;]\" \/>\n<meta property=\"og:url\" content=\"https:\/\/www.changemaker.fi\/sv\/eikesta\/taustatietoa\/\" \/>\n<meta property=\"og:site_name\" content=\"Changemaker\" \/>\n<meta property=\"article:modified_time\" content=\"2022-07-11T11:29:23+00:00\" \/>\n<meta property=\"og:image\" content=\"https:\/\/www.changemaker.fi\/wp-content\/uploads\/changemaker_600x600.png\" \/>\n\t<meta property=\"og:image:width\" content=\"601\" \/>\n\t<meta property=\"og:image:height\" content=\"601\" \/>\n\t<meta property=\"og:image:type\" content=\"image\/png\" \/>\n<meta name=\"twitter:label1\" content=\"Est. reading time\" \/>\n\t<meta name=\"twitter:data1\" content=\"2 minutes\" \/>\n<script type=\"application\/ld+json\" class=\"yoast-schema-graph\">{\"@context\":\"https:\\\/\\\/schema.org\",\"@graph\":[{\"@type\":\"WebPage\",\"@id\":\"https:\\\/\\\/www.changemaker.fi\\\/sv\\\/eikesta\\\/taustatietoa\\\/\",\"url\":\"https:\\\/\\\/www.changemaker.fi\\\/sv\\\/eikesta\\\/taustatietoa\\\/\",\"name\":\"Bakgrundsfakta - Changemaker\",\"isPartOf\":{\"@id\":\"https:\\\/\\\/www.changemaker.fi\\\/#website\"},\"datePublished\":\"2022-05-25T11:06:41+00:00\",\"dateModified\":\"2022-07-11T11:29:23+00:00\",\"breadcrumb\":{\"@id\":\"https:\\\/\\\/www.changemaker.fi\\\/sv\\\/eikesta\\\/taustatietoa\\\/#breadcrumb\"},\"inLanguage\":\"sv\",\"potentialAction\":[{\"@type\":\"ReadAction\",\"target\":[\"https:\\\/\\\/www.changemaker.fi\\\/sv\\\/eikesta\\\/taustatietoa\\\/\"]}]},{\"@type\":\"BreadcrumbList\",\"@id\":\"https:\\\/\\\/www.changemaker.fi\\\/sv\\\/eikesta\\\/taustatietoa\\\/#breadcrumb\",\"itemListElement\":[{\"@type\":\"ListItem\",\"position\":1,\"name\":\"Home\",\"item\":\"https:\\\/\\\/www.changemaker.fi\\\/sv\\\/\"},{\"@type\":\"ListItem\",\"position\":2,\"name\":\"Ei kest\u00e4! -kampanj\",\"item\":\"https:\\\/\\\/www.changemaker.fi\\\/sv\\\/eikesta\\\/\"},{\"@type\":\"ListItem\",\"position\":3,\"name\":\"Bakgrundsfakta\"}]},{\"@type\":\"WebSite\",\"@id\":\"https:\\\/\\\/www.changemaker.fi\\\/#website\",\"url\":\"https:\\\/\\\/www.changemaker.fi\\\/\",\"name\":\"Changemaker\",\"description\":\"\",\"potentialAction\":[{\"@type\":\"SearchAction\",\"target\":{\"@type\":\"EntryPoint\",\"urlTemplate\":\"https:\\\/\\\/www.changemaker.fi\\\/?s={search_term_string}\"},\"query-input\":{\"@type\":\"PropertyValueSpecification\",\"valueRequired\":true,\"valueName\":\"search_term_string\"}}],\"inLanguage\":\"sv\"}]}<\/script>\n<!-- \/ Yoast SEO plugin. -->","yoast_head_json":{"title":"Bakgrundsfakta - Changemaker","robots":{"index":"index","follow":"follow","max-snippet":"max-snippet:-1","max-image-preview":"max-image-preview:large","max-video-preview":"max-video-preview:-1"},"canonical":"https:\/\/www.changemaker.fi\/sv\/eikesta\/taustatietoa\/","og_locale":"en_US","og_type":"article","og_title":"Bakgrundsfakta - Changemaker","og_description":"Changemaker fokuserar i sin kampanj p\u00e5 textil- och elektronikindustrin, eftersom just de industrierna \u00e4r extremt problematiska. Utsl\u00e4ppen som textilindustrin ger upphov till \u00e4r st\u00f6rre \u00e4n utsl\u00e4ppen inom sj\u00f6- och flygtrafiken. Anledningen till de stora utsl\u00e4ppen \u00e4r dels de st\u00e4ndigt v\u00e4xlande trenderna som ger ett behov till att k\u00f6pa nytt och dels p\u00e5 att kl\u00e4derna ofta [&hellip;]","og_url":"https:\/\/www.changemaker.fi\/sv\/eikesta\/taustatietoa\/","og_site_name":"Changemaker","article_modified_time":"2022-07-11T11:29:23+00:00","og_image":[{"width":601,"height":601,"url":"https:\/\/www.changemaker.fi\/wp-content\/uploads\/changemaker_600x600.png","type":"image\/png"}],"twitter_misc":{"Est. reading time":"2 minutes"},"schema":{"@context":"https:\/\/schema.org","@graph":[{"@type":"WebPage","@id":"https:\/\/www.changemaker.fi\/sv\/eikesta\/taustatietoa\/","url":"https:\/\/www.changemaker.fi\/sv\/eikesta\/taustatietoa\/","name":"Bakgrundsfakta - Changemaker","isPartOf":{"@id":"https:\/\/www.changemaker.fi\/#website"},"datePublished":"2022-05-25T11:06:41+00:00","dateModified":"2022-07-11T11:29:23+00:00","breadcrumb":{"@id":"https:\/\/www.changemaker.fi\/sv\/eikesta\/taustatietoa\/#breadcrumb"},"inLanguage":"sv","potentialAction":[{"@type":"ReadAction","target":["https:\/\/www.changemaker.fi\/sv\/eikesta\/taustatietoa\/"]}]},{"@type":"BreadcrumbList","@id":"https:\/\/www.changemaker.fi\/sv\/eikesta\/taustatietoa\/#breadcrumb","itemListElement":[{"@type":"ListItem","position":1,"name":"Home","item":"https:\/\/www.changemaker.fi\/sv\/"},{"@type":"ListItem","position":2,"name":"Ei kest\u00e4! -kampanj","item":"https:\/\/www.changemaker.fi\/sv\/eikesta\/"},{"@type":"ListItem","position":3,"name":"Bakgrundsfakta"}]},{"@type":"WebSite","@id":"https:\/\/www.changemaker.fi\/#website","url":"https:\/\/www.changemaker.fi\/","name":"Changemaker","description":"","potentialAction":[{"@type":"SearchAction","target":{"@type":"EntryPoint","urlTemplate":"https:\/\/www.changemaker.fi\/?s={search_term_string}"},"query-input":{"@type":"PropertyValueSpecification","valueRequired":true,"valueName":"search_term_string"}}],"inLanguage":"sv"}]}},"_links":{"self":[{"href":"https:\/\/www.changemaker.fi\/sv\/wp-json\/wp\/v2\/pages\/19524","targetHints":{"allow":["GET"]}}],"collection":[{"href":"https:\/\/www.changemaker.fi\/sv\/wp-json\/wp\/v2\/pages"}],"about":[{"href":"https:\/\/www.changemaker.fi\/sv\/wp-json\/wp\/v2\/types\/page"}],"author":[{"embeddable":true,"href":"https:\/\/www.changemaker.fi\/sv\/wp-json\/wp\/v2\/users\/1001016"}],"replies":[{"embeddable":true,"href":"https:\/\/www.changemaker.fi\/sv\/wp-json\/wp\/v2\/comments?post=19524"}],"version-history":[{"count":1,"href":"https:\/\/www.changemaker.fi\/sv\/wp-json\/wp\/v2\/pages\/19524\/revisions"}],"predecessor-version":[{"id":19525,"href":"https:\/\/www.changemaker.fi\/sv\/wp-json\/wp\/v2\/pages\/19524\/revisions\/19525"}],"up":[{"embeddable":true,"href":"https:\/\/www.changemaker.fi\/sv\/wp-json\/wp\/v2\/pages\/19518"}],"wp:attachment":[{"href":"https:\/\/www.changemaker.fi\/sv\/wp-json\/wp\/v2\/media?parent=19524"}],"curies":[{"name":"wp","href":"https:\/\/api.w.org\/{rel}","templated":true}]}}