{"id":19526,"date":"2022-05-25T14:06:16","date_gmt":"2022-05-25T11:06:16","guid":{"rendered":"https:\/\/www.changemaker.fi\/eikesta\/tule-mukaan\/"},"modified":"2022-07-11T14:30:44","modified_gmt":"2022-07-11T11:30:44","slug":"tule-mukaan","status":"publish","type":"page","link":"https:\/\/www.changemaker.fi\/sv\/eikesta\/tule-mukaan\/","title":{"rendered":"Joina kampanjen"},"content":{"rendered":"<p>Changemaker vill p\u00e5verka \u00f6verkonsumtionen med strukturella f\u00f6r\u00e4ndringar. \u00d6verkonsumtionen \u00e4r ett problem som inte g\u00e5r att l\u00f6sa endast p\u00e5 individniv\u00e5. D\u00e4rf\u00f6r har Changemaker en adress med krav till makthavarna.<\/p>\n<p>Du kan delta i kampanjen p\u00e5 f\u00f6ljande s\u00e4tt:<\/p>\n<ol>\n<li>Bekanta dig med kampanjen och skriv under adressen med formul\u00e4ret som hittas p\u00e5 f\u00f6rstasidan.<\/li>\n<li>Kom med i kampanjgruppen och ordna ett jippo p\u00e5 din egen ort. Du kommer med i gruppen genom att meddela ditt intresse till Sini som \u00e4r ansvarig f\u00f6r kampanjen (sini.al-fradawi@changemaker.fi).<\/li>\n<li>Dela v\u00e5ra inl\u00e4gg p\u00e5 din some. Du kan ocks\u00e5 g\u00e4rna tagga ministrar, riksdagsledam\u00f6ter eller partier i dina inl\u00e4gg.<\/li>\n<\/ol>\n<p>Hoppas vi ses!<\/p>\n","protected":false},"excerpt":{"rendered":"<p>Changemaker vill p\u00e5verka \u00f6verkonsumtionen med strukturella f\u00f6r\u00e4ndringar. \u00d6verkonsumtionen \u00e4r ett problem som inte g\u00e5r att l\u00f6sa endast p\u00e5 individniv\u00e5. D\u00e4rf\u00f6r har Changemaker en adress med krav till makthavarna. Du kan delta i kampanjen p\u00e5 f\u00f6ljande s\u00e4tt: Bekanta dig med kampanjen och skriv under adressen med formul\u00e4ret som hittas p\u00e5 f\u00f6rstasidan. Kom med i kampanjgruppen och [&hellip;]<\/p>\n","protected":false},"author":1001016,"featured_media":0,"parent":19518,"menu_order":0,"comment_status":"closed","ping_status":"closed","template":"","meta":{"_acf_changed":false,"footnotes":""},"class_list":["post-19526","page","type-page","status-publish","hentry"],"acf":[],"yoast_head":"<!-- This site is optimized with the Yoast SEO plugin v27.3 - https:\/\/yoast.com\/product\/yoast-seo-wordpress\/ -->\n<title>Joina kampanjen - Changemaker<\/title>\n<meta name=\"robots\" content=\"index, follow, max-snippet:-1, max-image-preview:large, max-video-preview:-1\" \/>\n<link rel=\"canonical\" href=\"https:\/\/www.changemaker.fi\/sv\/eikesta\/tule-mukaan\/\" \/>\n<meta property=\"og:locale\" content=\"en_US\" \/>\n<meta property=\"og:type\" content=\"article\" \/>\n<meta property=\"og:title\" content=\"Joina kampanjen - Changemaker\" \/>\n<meta property=\"og:description\" content=\"Changemaker vill p\u00e5verka \u00f6verkonsumtionen med strukturella f\u00f6r\u00e4ndringar. \u00d6verkonsumtionen \u00e4r ett problem som inte g\u00e5r att l\u00f6sa endast p\u00e5 individniv\u00e5. D\u00e4rf\u00f6r har Changemaker en adress med krav till makthavarna. Du kan delta i kampanjen p\u00e5 f\u00f6ljande s\u00e4tt: Bekanta dig med kampanjen och skriv under adressen med formul\u00e4ret som hittas p\u00e5 f\u00f6rstasidan. Kom med i kampanjgruppen och [&hellip;]\" \/>\n<meta property=\"og:url\" content=\"https:\/\/www.changemaker.fi\/sv\/eikesta\/tule-mukaan\/\" \/>\n<meta property=\"og:site_name\" content=\"Changemaker\" \/>\n<meta property=\"article:modified_time\" content=\"2022-07-11T11:30:44+00:00\" \/>\n<meta property=\"og:image\" content=\"https:\/\/www.changemaker.fi\/wp-content\/uploads\/changemaker_600x600.png\" \/>\n\t<meta property=\"og:image:width\" content=\"601\" \/>\n\t<meta property=\"og:image:height\" content=\"601\" \/>\n\t<meta property=\"og:image:type\" content=\"image\/png\" \/>\n<meta name=\"twitter:label1\" content=\"Est. reading time\" \/>\n\t<meta name=\"twitter:data1\" content=\"1 minute\" \/>\n<script type=\"application\/ld+json\" class=\"yoast-schema-graph\">{\"@context\":\"https:\\\/\\\/schema.org\",\"@graph\":[{\"@type\":\"WebPage\",\"@id\":\"https:\\\/\\\/www.changemaker.fi\\\/sv\\\/eikesta\\\/tule-mukaan\\\/\",\"url\":\"https:\\\/\\\/www.changemaker.fi\\\/sv\\\/eikesta\\\/tule-mukaan\\\/\",\"name\":\"Joina kampanjen - Changemaker\",\"isPartOf\":{\"@id\":\"https:\\\/\\\/www.changemaker.fi\\\/#website\"},\"datePublished\":\"2022-05-25T11:06:16+00:00\",\"dateModified\":\"2022-07-11T11:30:44+00:00\",\"breadcrumb\":{\"@id\":\"https:\\\/\\\/www.changemaker.fi\\\/sv\\\/eikesta\\\/tule-mukaan\\\/#breadcrumb\"},\"inLanguage\":\"sv\",\"potentialAction\":[{\"@type\":\"ReadAction\",\"target\":[\"https:\\\/\\\/www.changemaker.fi\\\/sv\\\/eikesta\\\/tule-mukaan\\\/\"]}]},{\"@type\":\"BreadcrumbList\",\"@id\":\"https:\\\/\\\/www.changemaker.fi\\\/sv\\\/eikesta\\\/tule-mukaan\\\/#breadcrumb\",\"itemListElement\":[{\"@type\":\"ListItem\",\"position\":1,\"name\":\"Home\",\"item\":\"https:\\\/\\\/www.changemaker.fi\\\/sv\\\/\"},{\"@type\":\"ListItem\",\"position\":2,\"name\":\"Ei kest\u00e4! -kampanj\",\"item\":\"https:\\\/\\\/www.changemaker.fi\\\/sv\\\/eikesta\\\/\"},{\"@type\":\"ListItem\",\"position\":3,\"name\":\"Joina kampanjen\"}]},{\"@type\":\"WebSite\",\"@id\":\"https:\\\/\\\/www.changemaker.fi\\\/#website\",\"url\":\"https:\\\/\\\/www.changemaker.fi\\\/\",\"name\":\"Changemaker\",\"description\":\"\",\"potentialAction\":[{\"@type\":\"SearchAction\",\"target\":{\"@type\":\"EntryPoint\",\"urlTemplate\":\"https:\\\/\\\/www.changemaker.fi\\\/?s={search_term_string}\"},\"query-input\":{\"@type\":\"PropertyValueSpecification\",\"valueRequired\":true,\"valueName\":\"search_term_string\"}}],\"inLanguage\":\"sv\"}]}<\/script>\n<!-- \/ Yoast SEO plugin. -->","yoast_head_json":{"title":"Joina kampanjen - Changemaker","robots":{"index":"index","follow":"follow","max-snippet":"max-snippet:-1","max-image-preview":"max-image-preview:large","max-video-preview":"max-video-preview:-1"},"canonical":"https:\/\/www.changemaker.fi\/sv\/eikesta\/tule-mukaan\/","og_locale":"en_US","og_type":"article","og_title":"Joina kampanjen - Changemaker","og_description":"Changemaker vill p\u00e5verka \u00f6verkonsumtionen med strukturella f\u00f6r\u00e4ndringar. \u00d6verkonsumtionen \u00e4r ett problem som inte g\u00e5r att l\u00f6sa endast p\u00e5 individniv\u00e5. D\u00e4rf\u00f6r har Changemaker en adress med krav till makthavarna. Du kan delta i kampanjen p\u00e5 f\u00f6ljande s\u00e4tt: Bekanta dig med kampanjen och skriv under adressen med formul\u00e4ret som hittas p\u00e5 f\u00f6rstasidan. Kom med i kampanjgruppen och [&hellip;]","og_url":"https:\/\/www.changemaker.fi\/sv\/eikesta\/tule-mukaan\/","og_site_name":"Changemaker","article_modified_time":"2022-07-11T11:30:44+00:00","og_image":[{"width":601,"height":601,"url":"https:\/\/www.changemaker.fi\/wp-content\/uploads\/changemaker_600x600.png","type":"image\/png"}],"twitter_misc":{"Est. reading time":"1 minute"},"schema":{"@context":"https:\/\/schema.org","@graph":[{"@type":"WebPage","@id":"https:\/\/www.changemaker.fi\/sv\/eikesta\/tule-mukaan\/","url":"https:\/\/www.changemaker.fi\/sv\/eikesta\/tule-mukaan\/","name":"Joina kampanjen - Changemaker","isPartOf":{"@id":"https:\/\/www.changemaker.fi\/#website"},"datePublished":"2022-05-25T11:06:16+00:00","dateModified":"2022-07-11T11:30:44+00:00","breadcrumb":{"@id":"https:\/\/www.changemaker.fi\/sv\/eikesta\/tule-mukaan\/#breadcrumb"},"inLanguage":"sv","potentialAction":[{"@type":"ReadAction","target":["https:\/\/www.changemaker.fi\/sv\/eikesta\/tule-mukaan\/"]}]},{"@type":"BreadcrumbList","@id":"https:\/\/www.changemaker.fi\/sv\/eikesta\/tule-mukaan\/#breadcrumb","itemListElement":[{"@type":"ListItem","position":1,"name":"Home","item":"https:\/\/www.changemaker.fi\/sv\/"},{"@type":"ListItem","position":2,"name":"Ei kest\u00e4! -kampanj","item":"https:\/\/www.changemaker.fi\/sv\/eikesta\/"},{"@type":"ListItem","position":3,"name":"Joina kampanjen"}]},{"@type":"WebSite","@id":"https:\/\/www.changemaker.fi\/#website","url":"https:\/\/www.changemaker.fi\/","name":"Changemaker","description":"","potentialAction":[{"@type":"SearchAction","target":{"@type":"EntryPoint","urlTemplate":"https:\/\/www.changemaker.fi\/?s={search_term_string}"},"query-input":{"@type":"PropertyValueSpecification","valueRequired":true,"valueName":"search_term_string"}}],"inLanguage":"sv"}]}},"_links":{"self":[{"href":"https:\/\/www.changemaker.fi\/sv\/wp-json\/wp\/v2\/pages\/19526","targetHints":{"allow":["GET"]}}],"collection":[{"href":"https:\/\/www.changemaker.fi\/sv\/wp-json\/wp\/v2\/pages"}],"about":[{"href":"https:\/\/www.changemaker.fi\/sv\/wp-json\/wp\/v2\/types\/page"}],"author":[{"embeddable":true,"href":"https:\/\/www.changemaker.fi\/sv\/wp-json\/wp\/v2\/users\/1001016"}],"replies":[{"embeddable":true,"href":"https:\/\/www.changemaker.fi\/sv\/wp-json\/wp\/v2\/comments?post=19526"}],"version-history":[{"count":1,"href":"https:\/\/www.changemaker.fi\/sv\/wp-json\/wp\/v2\/pages\/19526\/revisions"}],"predecessor-version":[{"id":19527,"href":"https:\/\/www.changemaker.fi\/sv\/wp-json\/wp\/v2\/pages\/19526\/revisions\/19527"}],"up":[{"embeddable":true,"href":"https:\/\/www.changemaker.fi\/sv\/wp-json\/wp\/v2\/pages\/19518"}],"wp:attachment":[{"href":"https:\/\/www.changemaker.fi\/sv\/wp-json\/wp\/v2\/media?parent=19526"}],"curies":[{"name":"wp","href":"https:\/\/api.w.org\/{rel}","templated":true}]}}