{"id":5132,"date":"2015-06-18T11:29:39","date_gmt":"2015-06-18T08:29:39","guid":{"rendered":"https:\/\/www.changemaker.fi\/?page_id=5132"},"modified":"2022-09-19T16:15:47","modified_gmt":"2022-09-19T13:15:47","slug":"kampanj","status":"publish","type":"page","link":"https:\/\/www.changemaker.fi\/sv\/kampanj\/","title":{"rendered":"Kampanj 2021"},"content":{"rendered":"<p>Unga m\u00f6ter mer trakasserier p\u00e5 internet an andra m\u00e4nniskor s\u00e4ger finska statistikcentralen. Internet trakasserier och hatprat, som \u00e4r riktad till unga, f\u00f6rsvagar internet r\u00e4ttigheterna f\u00f6r politiskt aktiva unga. Det \u00e4r ocks\u00e5 inte en problem bara i Finland, f\u00f6r unga m\u00f6ter trakasserier \u00f6ver hela v\u00e4rlden. Med Verkko vapaaksi -kampanjen, ska Changemaker h\u00e5lla upp detta problem och efterfr\u00e5gar att Finland ska jobba mera mot internet trakasserier i Finland och globalt.<\/p>\n<p>64 procent av finska unga mellan 16- och 24 \u00e5rig har m\u00f6tt hatprat mot m\u00e4nniskor och befolkning p\u00e5 internet. I samma tiden n\u00e4r \u00e4ldre generationen hoppas att unga var mer intresserad av politik och social debatt, unga m\u00f6ter hatprat fr\u00e5n \u00e4ldre m\u00e4nniskor.<\/p>\n<p>Unga under 29 \u00e5r lever i en v\u00e4rld d\u00e4r internet \u00e4r en naturlig del av denna livet. D\u00e4rf\u00f6r \u00e4r det viktigt att de kan anv\u00e4nda internet utan r\u00e4dsla f\u00f6r trakasserier. B\u00e5de i Finland och globalt.<\/p>\n<p>I 2021 Finland \u00e4r ordf\u00f6randen i Freedom Online Coalition. Freedom Online Coalition eller FOC \u00e4r en organisation som best\u00e5r av 30 regeringar som arbetar f\u00f6r en internet som \u00e4r \u00f6ppen och respekterar m\u00e4nniska r\u00e4ttigheter.<\/p>\n<p>I FOC Finland har en m\u00f6jlighet att fr\u00e4mja en internet som \u00e4r \u00f6ppen och s\u00e4ker f\u00f6r unga. Changemaker efterfr\u00e5gan att Finland ska fr\u00e4mja participation av unga i FOC och att ungdomars r\u00f6sten h\u00f6rs i diskussion av \u00f6ppen internet.<\/p>\n<script type=\"text\/javascript\">\n\/* <![CDATA[ *\/\nvar gform;gform||(document.addEventListener(\"gform_main_scripts_loaded\",function(){gform.scriptsLoaded=!0}),document.addEventListener(\"gform\/theme\/scripts_loaded\",function(){gform.themeScriptsLoaded=!0}),window.addEventListener(\"DOMContentLoaded\",function(){gform.domLoaded=!0}),gform={domLoaded:!1,scriptsLoaded:!1,themeScriptsLoaded:!1,isFormEditor:()=>\"function\"==typeof InitializeEditor,callIfLoaded:function(o){return!(!gform.domLoaded||!gform.scriptsLoaded||!gform.themeScriptsLoaded&&!gform.isFormEditor()||(gform.isFormEditor()&&console.warn(\"The use of gform.initializeOnLoaded() is deprecated in the form editor context and will be removed in Gravity Forms 3.1.\"),o(),0))},initializeOnLoaded:function(o){gform.callIfLoaded(o)||(document.addEventListener(\"gform_main_scripts_loaded\",()=>{gform.scriptsLoaded=!0,gform.callIfLoaded(o)}),document.addEventListener(\"gform\/theme\/scripts_loaded\",()=>{gform.themeScriptsLoaded=!0,gform.callIfLoaded(o)}),window.addEventListener(\"DOMContentLoaded\",()=>{gform.domLoaded=!0,gform.callIfLoaded(o)}))},hooks:{action:{},filter:{}},addAction:function(o,r,e,t){gform.addHook(\"action\",o,r,e,t)},addFilter:function(o,r,e,t){gform.addHook(\"filter\",o,r,e,t)},doAction:function(o){gform.doHook(\"action\",o,arguments)},applyFilters:function(o){return gform.doHook(\"filter\",o,arguments)},removeAction:function(o,r){gform.removeHook(\"action\",o,r)},removeFilter:function(o,r,e){gform.removeHook(\"filter\",o,r,e)},addHook:function(o,r,e,t,n){null==gform.hooks[o][r]&&(gform.hooks[o][r]=[]);var d=gform.hooks[o][r];null==n&&(n=r+\"_\"+d.length),gform.hooks[o][r].push({tag:n,callable:e,priority:t=null==t?10:t})},doHook:function(r,o,e){var t;if(e=Array.prototype.slice.call(e,1),null!=gform.hooks[r][o]&&((o=gform.hooks[r][o]).sort(function(o,r){return o.priority-r.priority}),o.forEach(function(o){\"function\"!=typeof(t=o.callable)&&(t=window[t]),\"action\"==r?t.apply(null,e):e[0]=t.apply(null,e)})),\"filter\"==r)return e[0]},removeHook:function(o,r,t,n){var e;null!=gform.hooks[o][r]&&(e=(e=gform.hooks[o][r]).filter(function(o,r,e){return!!(null!=n&&n!=o.tag||null!=t&&t!=o.priority)}),gform.hooks[o][r]=e)}});\n\/* ]]> *\/\n<\/script>\n\n                <div class='gf_browser_gecko gform_wrapper gform_legacy_markup_wrapper gform-theme--no-framework' data-form-theme='legacy' data-form-index='0' id='gform_wrapper_25' >\n                        <div class='gform_heading'>\n                            <h3 class=\"gform_title\">Underteckna framst\u00e4llningen f\u00f6r ungdomars internet r\u00e4ttighet<\/h3>\n                            <p class='gform_description'>Jag efter fr\u00e5gar att Finlands regering ska fr\u00e4mja participation av unga i Freedom Online Coalition och att ungdomars r\u00f6sten h\u00f6rs i diskussion av \u00f6ppen internet.<\/p>\n                        <\/div><form method='post' enctype='multipart\/form-data'  id='gform_25'  action='\/sv\/wp-json\/wp\/v2\/pages\/5132' data-formid='25' novalidate>\n                        <div class='gform-body gform_body'><ul id='gform_fields_25' class='gform_fields top_label form_sublabel_below description_below validation_below'><li id=\"field_25_1\" class=\"gfield gfield--type-text gfield_contains_required field_sublabel_below gfield--no-description field_description_below field_validation_below gfield_visibility_visible\"  ><label class='gfield_label gform-field-label' for='input_25_1'>F\u00f6rnam<span class=\"gfield_required\"><span class=\"gfield_required gfield_required_asterisk\">*<\/span><\/span><\/label><div class='ginput_container ginput_container_text'><input name='input_1' id='input_25_1' type='text' value='' class='medium'     aria-required=\"true\" aria-invalid=\"false\"   \/><\/div><\/li><li id=\"field_25_2\" class=\"gfield gfield--type-text gfield_contains_required field_sublabel_below gfield--no-description field_description_below field_validation_below gfield_visibility_visible\"  ><label class='gfield_label gform-field-label' for='input_25_2'>Efternam<span class=\"gfield_required\"><span class=\"gfield_required gfield_required_asterisk\">*<\/span><\/span><\/label><div class='ginput_container ginput_container_text'><input name='input_2' id='input_25_2' type='text' value='' class='medium'     aria-required=\"true\" aria-invalid=\"false\"   \/><\/div><\/li><li id=\"field_25_4\" class=\"gfield gfield--type-text field_sublabel_below gfield--no-description field_description_below field_validation_below gfield_visibility_visible\"  ><label class='gfield_label gform-field-label' for='input_25_4'>e-postaddress<\/label><div class='ginput_container ginput_container_text'><input name='input_4' id='input_25_4' type='text' value='' class='medium'      aria-invalid=\"false\"   \/><\/div><\/li><li id=\"field_25_6\" class=\"gfield gfield--type-checkbox gfield--type-choice field_sublabel_below gfield--no-description field_description_below field_validation_below gfield_visibility_visible\"  ><label class='gfield_label gform-field-label gfield_label_before_complex' >bli medlem<\/label><div class='ginput_container ginput_container_checkbox'><ul class='gfield_checkbox' id='input_25_6'><li class='gchoice gchoice_25_6_1'>\n\t\t\t\t\t\t\t\t<input class='gfield-choice-input' name='input_6.1' type='checkbox'  value='Jag vill ha mera information om Changemakers medlemskap'  id='choice_25_6_1'   \/>\n\t\t\t\t\t\t\t\t<label for='choice_25_6_1' id='label_25_6_1' class='gform-field-label gform-field-label--type-inline'>Jag vill ha mera information om Changemakers medlemskap<\/label>\n\t\t\t\t\t\t\t<\/li><\/ul><\/div><\/li><\/ul><\/div>\n        <div class='gform-footer gform_footer top_label'> <input type='submit' id='gform_submit_button_25' class='gform_button button' onclick='gform.submission.handleButtonClick(this);' data-submission-type='submit' value='Allekirjoita'  \/> \n            <input type='hidden' class='gform_hidden' name='gform_submission_method' data-js='gform_submission_method_25' value='postback' \/>\n            <input type='hidden' class='gform_hidden' name='gform_theme' data-js='gform_theme_25' id='gform_theme_25' value='legacy' \/>\n            <input type='hidden' class='gform_hidden' name='gform_style_settings' data-js='gform_style_settings_25' id='gform_style_settings_25' value='[]' \/>\n            <input type='hidden' class='gform_hidden' name='is_submit_25' value='1' \/>\n            <input type='hidden' class='gform_hidden' name='gform_submit' value='25' \/>\n            \n            <input type='hidden' class='gform_hidden' name='gform_currency' data-currency='USD' value='hp1SURjabDnBc9tXaH+atzASCMGIpKxJiKUyzMhXASWkbumRuklOoIQw0ij7CvZoVil3mmDq5hyAgB69krn+gnC6W1BNCHfSNszRpv1uaLhk8js=' \/>\n            <input type='hidden' class='gform_hidden' name='gform_unique_id' value='' \/>\n            <input type='hidden' class='gform_hidden' name='state_25' value='WyJbXSIsImZhOGMxZWE4ZGIwZWZmMTU5YmExMWI1MDgyMTkxNDFlIl0=' \/>\n            <input type='hidden' autocomplete='off' class='gform_hidden' name='gform_target_page_number_25' id='gform_target_page_number_25' value='0' \/>\n            <input type='hidden' autocomplete='off' class='gform_hidden' name='gform_source_page_number_25' id='gform_source_page_number_25' value='1' \/>\n            <input type='hidden' name='gform_field_values' value='' \/>\n            \n        <\/div>\n                        <\/form>\n                        <\/div><script type=\"text\/javascript\">\n\/* <![CDATA[ *\/\n gform.initializeOnLoaded( function() {gformInitSpinner( 25, 'https:\/\/www.changemaker.fi\/wp-content\/plugins\/gravityforms\/images\/spinner.svg', true );jQuery('#gform_ajax_frame_25').on('load',function(){var contents = jQuery(this).contents().find('*').html();var is_postback = contents.indexOf('GF_AJAX_POSTBACK') >= 0;if(!is_postback){return;}var form_content = jQuery(this).contents().find('#gform_wrapper_25');var is_confirmation = jQuery(this).contents().find('#gform_confirmation_wrapper_25').length > 0;var is_redirect = contents.indexOf('gformRedirect(){') >= 0;var is_form = form_content.length > 0 && ! is_redirect && ! is_confirmation;var mt = parseInt(jQuery('html').css('margin-top'), 10) + parseInt(jQuery('body').css('margin-top'), 10) + 100;if(is_form){jQuery('#gform_wrapper_25').html(form_content.html());if(form_content.hasClass('gform_validation_error')){jQuery('#gform_wrapper_25').addClass('gform_validation_error');} else {jQuery('#gform_wrapper_25').removeClass('gform_validation_error');}setTimeout( function() { \/* delay the scroll by 50 milliseconds to fix a bug in chrome *\/  }, 50 );if(window['gformInitDatepicker']) {gformInitDatepicker();}if(window['gformInitPriceFields']) {gformInitPriceFields();}var current_page = jQuery('#gform_source_page_number_25').val();gformInitSpinner( 25, 'https:\/\/www.changemaker.fi\/wp-content\/plugins\/gravityforms\/images\/spinner.svg', true );jQuery(document).trigger('gform_page_loaded', [25, current_page]);window['gf_submitting_25'] = false;}else if(!is_redirect){var confirmation_content = jQuery(this).contents().find('.GF_AJAX_POSTBACK').html();if(!confirmation_content){confirmation_content = contents;}jQuery('#gform_wrapper_25').replaceWith(confirmation_content);jQuery(document).trigger('gform_confirmation_loaded', [25]);window['gf_submitting_25'] = false;wp.a11y.speak(jQuery('#gform_confirmation_message_25').text());}else{jQuery('#gform_25').append(contents);if(window['gformRedirect']) {gformRedirect();}}jQuery(document).trigger(\"gform_pre_post_render\", [{ formId: \"25\", currentPage: \"current_page\", abort: function() { this.preventDefault(); } }]);        if (event && event.defaultPrevented) {                return;        }        const gformWrapperDiv = document.getElementById( \"gform_wrapper_25\" );        if ( gformWrapperDiv ) {            const visibilitySpan = document.createElement( \"span\" );            visibilitySpan.id = \"gform_visibility_test_25\";            gformWrapperDiv.insertAdjacentElement( \"afterend\", visibilitySpan );        }        const visibilityTestDiv = document.getElementById( \"gform_visibility_test_25\" );        let postRenderFired = false;        function triggerPostRender() {            if ( postRenderFired ) {                return;            }            postRenderFired = true;            gform.core.triggerPostRenderEvents( 25, current_page );            if ( visibilityTestDiv ) {                visibilityTestDiv.parentNode.removeChild( visibilityTestDiv );            }        }        function debounce( func, wait, immediate ) {            var timeout;            return function() {                var context = this, args = arguments;                var later = function() {                    timeout = null;                    if ( !immediate ) func.apply( context, args );                };                var callNow = immediate && !timeout;                clearTimeout( timeout );                timeout = setTimeout( later, wait );                if ( callNow ) func.apply( context, args );            };        }        const debouncedTriggerPostRender = debounce( function() {            triggerPostRender();        }, 200 );        if ( visibilityTestDiv && visibilityTestDiv.offsetParent === null ) {            const observer = new MutationObserver( ( mutations ) => {                mutations.forEach( ( mutation ) => {                    if ( mutation.type === 'attributes' && visibilityTestDiv.offsetParent !== null ) {                        debouncedTriggerPostRender();                        observer.disconnect();                    }                });            });            observer.observe( document.body, {                attributes: true,                childList: false,                subtree: true,                attributeFilter: [ 'style', 'class' ],            });        } else {            triggerPostRender();        }    } );} ); \n\/* ]]> *\/\n<\/script>\n\n","protected":false},"excerpt":{"rendered":"<p>Unga m\u00f6ter mer trakasserier p\u00e5 internet an andra m\u00e4nniskor s\u00e4ger finska statistikcentralen. Internet trakasserier och hatprat, som \u00e4r riktad till unga, f\u00f6rsvagar internet r\u00e4ttigheterna f\u00f6r politiskt aktiva unga. Det \u00e4r ocks\u00e5 inte en problem bara i Finland, f\u00f6r unga m\u00f6ter trakasserier \u00f6ver hela v\u00e4rlden. Med Verkko vapaaksi -kampanjen, ska Changemaker h\u00e5lla upp detta problem och [&hellip;]<\/p>\n","protected":false},"author":3,"featured_media":18326,"parent":0,"menu_order":0,"comment_status":"closed","ping_status":"closed","template":"","meta":{"_acf_changed":false,"footnotes":""},"class_list":["post-5132","page","type-page","status-publish","has-post-thumbnail","hentry"],"acf":[],"yoast_head":"<!-- This site is optimized with the Yoast SEO plugin v27.3 - https:\/\/yoast.com\/product\/yoast-seo-wordpress\/ -->\n<title>Kampanj 2021 - Changemaker<\/title>\n<meta name=\"robots\" content=\"index, follow, max-snippet:-1, max-image-preview:large, max-video-preview:-1\" \/>\n<link rel=\"canonical\" href=\"https:\/\/www.changemaker.fi\/sv\/kampanj\/\" \/>\n<meta property=\"og:locale\" content=\"en_US\" \/>\n<meta property=\"og:type\" content=\"article\" \/>\n<meta property=\"og:title\" content=\"Kampanj 2021 - Changemaker\" \/>\n<meta property=\"og:description\" content=\"Unga m\u00f6ter mer trakasserier p\u00e5 internet an andra m\u00e4nniskor s\u00e4ger finska statistikcentralen. Internet trakasserier och hatprat, som \u00e4r riktad till unga, f\u00f6rsvagar internet r\u00e4ttigheterna f\u00f6r politiskt aktiva unga. Det \u00e4r ocks\u00e5 inte en problem bara i Finland, f\u00f6r unga m\u00f6ter trakasserier \u00f6ver hela v\u00e4rlden. Med Verkko vapaaksi -kampanjen, ska Changemaker h\u00e5lla upp detta problem och [&hellip;]\" \/>\n<meta property=\"og:url\" content=\"https:\/\/www.changemaker.fi\/sv\/kampanj\/\" \/>\n<meta property=\"og:site_name\" content=\"Changemaker\" \/>\n<meta property=\"article:modified_time\" content=\"2022-09-19T13:15:47+00:00\" \/>\n<meta property=\"og:image\" content=\"https:\/\/www.changemaker.fi\/wp-content\/uploads\/Changemaker_uutiskuva_1024x576_030321.png\" \/>\n\t<meta property=\"og:image:width\" content=\"1024\" \/>\n\t<meta property=\"og:image:height\" content=\"576\" \/>\n\t<meta property=\"og:image:type\" content=\"image\/png\" \/>\n<meta name=\"twitter:label1\" content=\"Est. reading time\" \/>\n\t<meta name=\"twitter:data1\" content=\"2 minutes\" \/>\n<script type=\"application\/ld+json\" class=\"yoast-schema-graph\">{\"@context\":\"https:\\\/\\\/schema.org\",\"@graph\":[{\"@type\":\"WebPage\",\"@id\":\"https:\\\/\\\/www.changemaker.fi\\\/sv\\\/kampanj\\\/\",\"url\":\"https:\\\/\\\/www.changemaker.fi\\\/sv\\\/kampanj\\\/\",\"name\":\"Kampanj 2021 - Changemaker\",\"isPartOf\":{\"@id\":\"https:\\\/\\\/www.changemaker.fi\\\/#website\"},\"primaryImageOfPage\":{\"@id\":\"https:\\\/\\\/www.changemaker.fi\\\/sv\\\/kampanj\\\/#primaryimage\"},\"image\":{\"@id\":\"https:\\\/\\\/www.changemaker.fi\\\/sv\\\/kampanj\\\/#primaryimage\"},\"thumbnailUrl\":\"https:\\\/\\\/www.changemaker.fi\\\/wp-content\\\/uploads\\\/Changemaker_uutiskuva_1024x576_030321.png\",\"datePublished\":\"2015-06-18T08:29:39+00:00\",\"dateModified\":\"2022-09-19T13:15:47+00:00\",\"breadcrumb\":{\"@id\":\"https:\\\/\\\/www.changemaker.fi\\\/sv\\\/kampanj\\\/#breadcrumb\"},\"inLanguage\":\"sv\",\"potentialAction\":[{\"@type\":\"ReadAction\",\"target\":[\"https:\\\/\\\/www.changemaker.fi\\\/sv\\\/kampanj\\\/\"]}]},{\"@type\":\"ImageObject\",\"inLanguage\":\"sv\",\"@id\":\"https:\\\/\\\/www.changemaker.fi\\\/sv\\\/kampanj\\\/#primaryimage\",\"url\":\"https:\\\/\\\/www.changemaker.fi\\\/wp-content\\\/uploads\\\/Changemaker_uutiskuva_1024x576_030321.png\",\"contentUrl\":\"https:\\\/\\\/www.changemaker.fi\\\/wp-content\\\/uploads\\\/Changemaker_uutiskuva_1024x576_030321.png\",\"width\":1024,\"height\":576,\"caption\":\"Changemakerin kampanjabanneri. Kuvassa kalaverkko, jossa kiinni erilaisia teknisi\u00e4 laitteita, sek\u00e4 kaksi pahantahtoista trollia tai peikkoa, jotka tekev\u00e4t ilkeyksi\u00e4. Kuvassa teksti verkko vapaaksi.\"},{\"@type\":\"BreadcrumbList\",\"@id\":\"https:\\\/\\\/www.changemaker.fi\\\/sv\\\/kampanj\\\/#breadcrumb\",\"itemListElement\":[{\"@type\":\"ListItem\",\"position\":1,\"name\":\"Home\",\"item\":\"https:\\\/\\\/www.changemaker.fi\\\/sv\\\/\"},{\"@type\":\"ListItem\",\"position\":2,\"name\":\"Kampanj 2021\"}]},{\"@type\":\"WebSite\",\"@id\":\"https:\\\/\\\/www.changemaker.fi\\\/#website\",\"url\":\"https:\\\/\\\/www.changemaker.fi\\\/\",\"name\":\"Changemaker\",\"description\":\"\",\"potentialAction\":[{\"@type\":\"SearchAction\",\"target\":{\"@type\":\"EntryPoint\",\"urlTemplate\":\"https:\\\/\\\/www.changemaker.fi\\\/?s={search_term_string}\"},\"query-input\":{\"@type\":\"PropertyValueSpecification\",\"valueRequired\":true,\"valueName\":\"search_term_string\"}}],\"inLanguage\":\"sv\"}]}<\/script>\n<!-- \/ Yoast SEO plugin. -->","yoast_head_json":{"title":"Kampanj 2021 - Changemaker","robots":{"index":"index","follow":"follow","max-snippet":"max-snippet:-1","max-image-preview":"max-image-preview:large","max-video-preview":"max-video-preview:-1"},"canonical":"https:\/\/www.changemaker.fi\/sv\/kampanj\/","og_locale":"en_US","og_type":"article","og_title":"Kampanj 2021 - Changemaker","og_description":"Unga m\u00f6ter mer trakasserier p\u00e5 internet an andra m\u00e4nniskor s\u00e4ger finska statistikcentralen. Internet trakasserier och hatprat, som \u00e4r riktad till unga, f\u00f6rsvagar internet r\u00e4ttigheterna f\u00f6r politiskt aktiva unga. Det \u00e4r ocks\u00e5 inte en problem bara i Finland, f\u00f6r unga m\u00f6ter trakasserier \u00f6ver hela v\u00e4rlden. Med Verkko vapaaksi -kampanjen, ska Changemaker h\u00e5lla upp detta problem och [&hellip;]","og_url":"https:\/\/www.changemaker.fi\/sv\/kampanj\/","og_site_name":"Changemaker","article_modified_time":"2022-09-19T13:15:47+00:00","og_image":[{"width":1024,"height":576,"url":"https:\/\/www.changemaker.fi\/wp-content\/uploads\/Changemaker_uutiskuva_1024x576_030321.png","type":"image\/png"}],"twitter_misc":{"Est. reading time":"2 minutes"},"schema":{"@context":"https:\/\/schema.org","@graph":[{"@type":"WebPage","@id":"https:\/\/www.changemaker.fi\/sv\/kampanj\/","url":"https:\/\/www.changemaker.fi\/sv\/kampanj\/","name":"Kampanj 2021 - Changemaker","isPartOf":{"@id":"https:\/\/www.changemaker.fi\/#website"},"primaryImageOfPage":{"@id":"https:\/\/www.changemaker.fi\/sv\/kampanj\/#primaryimage"},"image":{"@id":"https:\/\/www.changemaker.fi\/sv\/kampanj\/#primaryimage"},"thumbnailUrl":"https:\/\/www.changemaker.fi\/wp-content\/uploads\/Changemaker_uutiskuva_1024x576_030321.png","datePublished":"2015-06-18T08:29:39+00:00","dateModified":"2022-09-19T13:15:47+00:00","breadcrumb":{"@id":"https:\/\/www.changemaker.fi\/sv\/kampanj\/#breadcrumb"},"inLanguage":"sv","potentialAction":[{"@type":"ReadAction","target":["https:\/\/www.changemaker.fi\/sv\/kampanj\/"]}]},{"@type":"ImageObject","inLanguage":"sv","@id":"https:\/\/www.changemaker.fi\/sv\/kampanj\/#primaryimage","url":"https:\/\/www.changemaker.fi\/wp-content\/uploads\/Changemaker_uutiskuva_1024x576_030321.png","contentUrl":"https:\/\/www.changemaker.fi\/wp-content\/uploads\/Changemaker_uutiskuva_1024x576_030321.png","width":1024,"height":576,"caption":"Changemakerin kampanjabanneri. Kuvassa kalaverkko, jossa kiinni erilaisia teknisi\u00e4 laitteita, sek\u00e4 kaksi pahantahtoista trollia tai peikkoa, jotka tekev\u00e4t ilkeyksi\u00e4. Kuvassa teksti verkko vapaaksi."},{"@type":"BreadcrumbList","@id":"https:\/\/www.changemaker.fi\/sv\/kampanj\/#breadcrumb","itemListElement":[{"@type":"ListItem","position":1,"name":"Home","item":"https:\/\/www.changemaker.fi\/sv\/"},{"@type":"ListItem","position":2,"name":"Kampanj 2021"}]},{"@type":"WebSite","@id":"https:\/\/www.changemaker.fi\/#website","url":"https:\/\/www.changemaker.fi\/","name":"Changemaker","description":"","potentialAction":[{"@type":"SearchAction","target":{"@type":"EntryPoint","urlTemplate":"https:\/\/www.changemaker.fi\/?s={search_term_string}"},"query-input":{"@type":"PropertyValueSpecification","valueRequired":true,"valueName":"search_term_string"}}],"inLanguage":"sv"}]}},"_links":{"self":[{"href":"https:\/\/www.changemaker.fi\/sv\/wp-json\/wp\/v2\/pages\/5132","targetHints":{"allow":["GET"]}}],"collection":[{"href":"https:\/\/www.changemaker.fi\/sv\/wp-json\/wp\/v2\/pages"}],"about":[{"href":"https:\/\/www.changemaker.fi\/sv\/wp-json\/wp\/v2\/types\/page"}],"author":[{"embeddable":true,"href":"https:\/\/www.changemaker.fi\/sv\/wp-json\/wp\/v2\/users\/3"}],"replies":[{"embeddable":true,"href":"https:\/\/www.changemaker.fi\/sv\/wp-json\/wp\/v2\/comments?post=5132"}],"version-history":[{"count":17,"href":"https:\/\/www.changemaker.fi\/sv\/wp-json\/wp\/v2\/pages\/5132\/revisions"}],"predecessor-version":[{"id":19647,"href":"https:\/\/www.changemaker.fi\/sv\/wp-json\/wp\/v2\/pages\/5132\/revisions\/19647"}],"wp:featuredmedia":[{"embeddable":true,"href":"https:\/\/www.changemaker.fi\/sv\/wp-json\/wp\/v2\/media\/18326"}],"wp:attachment":[{"href":"https:\/\/www.changemaker.fi\/sv\/wp-json\/wp\/v2\/media?parent=5132"}],"curies":[{"name":"wp","href":"https:\/\/api.w.org\/{rel}","templated":true}]}}