{"id":5155,"date":"2015-06-23T11:12:54","date_gmt":"2015-06-23T08:12:54","guid":{"rendered":"https:\/\/www.changemaker.fi\/?page_id=5155"},"modified":"2022-09-19T10:28:36","modified_gmt":"2022-09-19T07:28:36","slug":"vad-ar-changemaker","status":"publish","type":"page","link":"https:\/\/www.changemaker.fi\/sv\/vad-ar-changemaker\/","title":{"rendered":"Vad \u00e4r Changemaker?"},"content":{"rendered":"<p>Changemaker \u00e4r ett p\u00e5verkningsn\u00e4tverk f\u00f6r unga och unga vuxna, som fr\u00e4mjer ungas m\u00f6jligheter att p\u00e5verka samh\u00e4llet. I Changemaker l\u00e4r sig de unga om hur man kan p\u00e5verka problem och or\u00e4ttvisor, f\u00f6rutom i Finland ocks\u00e5 annanstans i v\u00e4rlden.<\/p>\n<p>K\u00e4rnan i n\u00e4tverkets verksamhet \u00e4r de ungas deltagande och frivillighet. Unga runtom i Finland \u00e4r aktivt med och planerar och f\u00f6rverkligar Changemakers verksamhet.<\/p>\n<p>Finlands Changemaker \u00e4r en del av det internationella Changemaker-n\u00e4tverket vars verksamhet b\u00f6rjade i Norge \u00e5r 1992. Finlands Changemaker grundades 2004 i samarbete med Kyrkans Utlandshj\u00e4lp.<\/p>\n<p>Changemaker-n\u00e4tverket \u00e4r partipolitiskt obundet och \u00f6ppet f\u00f6r alla livs\u00e5sk\u00e5dningar. En stark vilja att p\u00e5verka v\u00e4rldens utvecklingsproblem och fr\u00e4mja en global r\u00e4ttvisa f\u00f6renar Changemakare.<\/p>\n<h3>N\u00e4tverkets uppbyggnad<\/h3>\n<p>Verksamheten leds av ett team som best\u00e5r av frivilliga som \u00e5rligen v\u00e4ljs av medlemmarna vid medlemsm\u00f6tet, som fungerar som det h\u00f6gsta beslutsfattande organet. I Changemaker verkar ocks\u00e5 redaktionen till tidningen Globalisti, som utkommer tv\u00e5 g\u00e5nger om \u00e5ret, och v\u00e4xlande projektgrupper.<\/p>\n<p>Changemakers koordinatorer m\u00f6jligg\u00f6r de frivilligas p\u00e5verkningsarbete genom att sk\u00f6ta n\u00e4tverkets administration och koordinera den nationella verksamheten.<\/p>\n<p>L\u00e4s mera om v\u00e5ra regler och v\u00e5r strategi <a href=\"https:\/\/www.changemaker.fi\/materiaalit\/asiakirjat\/\">h\u00e4r<\/a> (p\u00e5 finska).<\/p>\n<h3>N\u00e4tverkets finansi\u00e4rer<\/h3>\n<p>Changemaker \u00e4r ekonomiskt en del av Kyrkans Utlandshj\u00e4lps stiftelse. Changemakers verksamhet finansieras av Finlands evangelisk-lutherska kyrkas kyrkstyrelse och en del f\u00f6rsamlingar och Undervisnings- och kulturministeriet.<\/p>\n<p>Dessutom finansieras Globalisti-tidningen och kampanjverksamheten i Changemaker Finland med finansiering av utvecklingssamarbete fr\u00e5n det finska utrikesministeriet.<\/p>\n<p>&nbsp;<\/p>\n","protected":false},"excerpt":{"rendered":"<p>Changemaker \u00e4r ett p\u00e5verkningsn\u00e4tverk f\u00f6r unga och unga vuxna, som fr\u00e4mjer ungas m\u00f6jligheter att p\u00e5verka samh\u00e4llet. I Changemaker l\u00e4r sig de unga om hur man kan p\u00e5verka problem och or\u00e4ttvisor, f\u00f6rutom i Finland ocks\u00e5 annanstans i v\u00e4rlden. K\u00e4rnan i n\u00e4tverkets verksamhet \u00e4r de ungas deltagande och frivillighet. Unga runtom i Finland \u00e4r aktivt med och [&hellip;]<\/p>\n","protected":false},"author":3,"featured_media":10871,"parent":0,"menu_order":5,"comment_status":"closed","ping_status":"closed","template":"","meta":{"_acf_changed":false,"footnotes":""},"class_list":["post-5155","page","type-page","status-publish","has-post-thumbnail","hentry"],"acf":[],"yoast_head":"<!-- This site is optimized with the Yoast SEO plugin v27.3 - https:\/\/yoast.com\/product\/yoast-seo-wordpress\/ -->\n<title>Vad \u00e4r Changemaker? - Changemaker<\/title>\n<meta name=\"description\" content=\"Changemaker \u00e4r ett n\u00e4tverk av unga och unga vuxna som vill verka f\u00f6r global r\u00e4ttvisa.\" \/>\n<meta name=\"robots\" content=\"index, follow, max-snippet:-1, max-image-preview:large, max-video-preview:-1\" \/>\n<link rel=\"canonical\" href=\"https:\/\/www.changemaker.fi\/sv\/vad-ar-changemaker\/\" \/>\n<meta property=\"og:locale\" content=\"en_US\" \/>\n<meta property=\"og:type\" content=\"article\" \/>\n<meta property=\"og:title\" content=\"Vad \u00e4r Changemaker? - Changemaker\" \/>\n<meta property=\"og:description\" content=\"Changemaker \u00e4r ett n\u00e4tverk av unga och unga vuxna som vill verka f\u00f6r global r\u00e4ttvisa.\" \/>\n<meta property=\"og:url\" content=\"https:\/\/www.changemaker.fi\/sv\/vad-ar-changemaker\/\" \/>\n<meta property=\"og:site_name\" content=\"Changemaker\" \/>\n<meta property=\"article:modified_time\" content=\"2022-09-19T07:28:36+00:00\" \/>\n<meta property=\"og:image\" content=\"https:\/\/www.changemaker.fi\/wp-content\/uploads\/IMG_0661-1-1024x683.jpg\" \/>\n\t<meta property=\"og:image:width\" content=\"1024\" \/>\n\t<meta property=\"og:image:height\" content=\"683\" \/>\n\t<meta property=\"og:image:type\" content=\"image\/jpeg\" \/>\n<meta name=\"twitter:label1\" content=\"Est. reading time\" \/>\n\t<meta name=\"twitter:data1\" content=\"2 minutes\" \/>\n<script type=\"application\/ld+json\" class=\"yoast-schema-graph\">{\"@context\":\"https:\\\/\\\/schema.org\",\"@graph\":[{\"@type\":\"WebPage\",\"@id\":\"https:\\\/\\\/www.changemaker.fi\\\/sv\\\/vad-ar-changemaker\\\/\",\"url\":\"https:\\\/\\\/www.changemaker.fi\\\/sv\\\/vad-ar-changemaker\\\/\",\"name\":\"Vad \u00e4r Changemaker? - Changemaker\",\"isPartOf\":{\"@id\":\"https:\\\/\\\/www.changemaker.fi\\\/#website\"},\"primaryImageOfPage\":{\"@id\":\"https:\\\/\\\/www.changemaker.fi\\\/sv\\\/vad-ar-changemaker\\\/#primaryimage\"},\"image\":{\"@id\":\"https:\\\/\\\/www.changemaker.fi\\\/sv\\\/vad-ar-changemaker\\\/#primaryimage\"},\"thumbnailUrl\":\"https:\\\/\\\/www.changemaker.fi\\\/wp-content\\\/uploads\\\/IMG_0661-1.jpg\",\"datePublished\":\"2015-06-23T08:12:54+00:00\",\"dateModified\":\"2022-09-19T07:28:36+00:00\",\"description\":\"Changemaker \u00e4r ett n\u00e4tverk av unga och unga vuxna som vill verka f\u00f6r global r\u00e4ttvisa.\",\"breadcrumb\":{\"@id\":\"https:\\\/\\\/www.changemaker.fi\\\/sv\\\/vad-ar-changemaker\\\/#breadcrumb\"},\"inLanguage\":\"sv\",\"potentialAction\":[{\"@type\":\"ReadAction\",\"target\":[\"https:\\\/\\\/www.changemaker.fi\\\/sv\\\/vad-ar-changemaker\\\/\"]}]},{\"@type\":\"ImageObject\",\"inLanguage\":\"sv\",\"@id\":\"https:\\\/\\\/www.changemaker.fi\\\/sv\\\/vad-ar-changemaker\\\/#primaryimage\",\"url\":\"https:\\\/\\\/www.changemaker.fi\\\/wp-content\\\/uploads\\\/IMG_0661-1.jpg\",\"contentUrl\":\"https:\\\/\\\/www.changemaker.fi\\\/wp-content\\\/uploads\\\/IMG_0661-1.jpg\",\"width\":2560,\"height\":1707},{\"@type\":\"BreadcrumbList\",\"@id\":\"https:\\\/\\\/www.changemaker.fi\\\/sv\\\/vad-ar-changemaker\\\/#breadcrumb\",\"itemListElement\":[{\"@type\":\"ListItem\",\"position\":1,\"name\":\"Home\",\"item\":\"https:\\\/\\\/www.changemaker.fi\\\/sv\\\/\"},{\"@type\":\"ListItem\",\"position\":2,\"name\":\"Vad \u00e4r Changemaker?\"}]},{\"@type\":\"WebSite\",\"@id\":\"https:\\\/\\\/www.changemaker.fi\\\/#website\",\"url\":\"https:\\\/\\\/www.changemaker.fi\\\/\",\"name\":\"Changemaker\",\"description\":\"\",\"potentialAction\":[{\"@type\":\"SearchAction\",\"target\":{\"@type\":\"EntryPoint\",\"urlTemplate\":\"https:\\\/\\\/www.changemaker.fi\\\/?s={search_term_string}\"},\"query-input\":{\"@type\":\"PropertyValueSpecification\",\"valueRequired\":true,\"valueName\":\"search_term_string\"}}],\"inLanguage\":\"sv\"}]}<\/script>\n<!-- \/ Yoast SEO plugin. -->","yoast_head_json":{"title":"Vad \u00e4r Changemaker? - Changemaker","description":"Changemaker \u00e4r ett n\u00e4tverk av unga och unga vuxna som vill verka f\u00f6r global r\u00e4ttvisa.","robots":{"index":"index","follow":"follow","max-snippet":"max-snippet:-1","max-image-preview":"max-image-preview:large","max-video-preview":"max-video-preview:-1"},"canonical":"https:\/\/www.changemaker.fi\/sv\/vad-ar-changemaker\/","og_locale":"en_US","og_type":"article","og_title":"Vad \u00e4r Changemaker? - Changemaker","og_description":"Changemaker \u00e4r ett n\u00e4tverk av unga och unga vuxna som vill verka f\u00f6r global r\u00e4ttvisa.","og_url":"https:\/\/www.changemaker.fi\/sv\/vad-ar-changemaker\/","og_site_name":"Changemaker","article_modified_time":"2022-09-19T07:28:36+00:00","og_image":[{"width":1024,"height":683,"url":"https:\/\/www.changemaker.fi\/wp-content\/uploads\/IMG_0661-1-1024x683.jpg","type":"image\/jpeg"}],"twitter_misc":{"Est. reading time":"2 minutes"},"schema":{"@context":"https:\/\/schema.org","@graph":[{"@type":"WebPage","@id":"https:\/\/www.changemaker.fi\/sv\/vad-ar-changemaker\/","url":"https:\/\/www.changemaker.fi\/sv\/vad-ar-changemaker\/","name":"Vad \u00e4r Changemaker? - Changemaker","isPartOf":{"@id":"https:\/\/www.changemaker.fi\/#website"},"primaryImageOfPage":{"@id":"https:\/\/www.changemaker.fi\/sv\/vad-ar-changemaker\/#primaryimage"},"image":{"@id":"https:\/\/www.changemaker.fi\/sv\/vad-ar-changemaker\/#primaryimage"},"thumbnailUrl":"https:\/\/www.changemaker.fi\/wp-content\/uploads\/IMG_0661-1.jpg","datePublished":"2015-06-23T08:12:54+00:00","dateModified":"2022-09-19T07:28:36+00:00","description":"Changemaker \u00e4r ett n\u00e4tverk av unga och unga vuxna som vill verka f\u00f6r global r\u00e4ttvisa.","breadcrumb":{"@id":"https:\/\/www.changemaker.fi\/sv\/vad-ar-changemaker\/#breadcrumb"},"inLanguage":"sv","potentialAction":[{"@type":"ReadAction","target":["https:\/\/www.changemaker.fi\/sv\/vad-ar-changemaker\/"]}]},{"@type":"ImageObject","inLanguage":"sv","@id":"https:\/\/www.changemaker.fi\/sv\/vad-ar-changemaker\/#primaryimage","url":"https:\/\/www.changemaker.fi\/wp-content\/uploads\/IMG_0661-1.jpg","contentUrl":"https:\/\/www.changemaker.fi\/wp-content\/uploads\/IMG_0661-1.jpg","width":2560,"height":1707},{"@type":"BreadcrumbList","@id":"https:\/\/www.changemaker.fi\/sv\/vad-ar-changemaker\/#breadcrumb","itemListElement":[{"@type":"ListItem","position":1,"name":"Home","item":"https:\/\/www.changemaker.fi\/sv\/"},{"@type":"ListItem","position":2,"name":"Vad \u00e4r Changemaker?"}]},{"@type":"WebSite","@id":"https:\/\/www.changemaker.fi\/#website","url":"https:\/\/www.changemaker.fi\/","name":"Changemaker","description":"","potentialAction":[{"@type":"SearchAction","target":{"@type":"EntryPoint","urlTemplate":"https:\/\/www.changemaker.fi\/?s={search_term_string}"},"query-input":{"@type":"PropertyValueSpecification","valueRequired":true,"valueName":"search_term_string"}}],"inLanguage":"sv"}]}},"_links":{"self":[{"href":"https:\/\/www.changemaker.fi\/sv\/wp-json\/wp\/v2\/pages\/5155","targetHints":{"allow":["GET"]}}],"collection":[{"href":"https:\/\/www.changemaker.fi\/sv\/wp-json\/wp\/v2\/pages"}],"about":[{"href":"https:\/\/www.changemaker.fi\/sv\/wp-json\/wp\/v2\/types\/page"}],"author":[{"embeddable":true,"href":"https:\/\/www.changemaker.fi\/sv\/wp-json\/wp\/v2\/users\/3"}],"replies":[{"embeddable":true,"href":"https:\/\/www.changemaker.fi\/sv\/wp-json\/wp\/v2\/comments?post=5155"}],"version-history":[{"count":5,"href":"https:\/\/www.changemaker.fi\/sv\/wp-json\/wp\/v2\/pages\/5155\/revisions"}],"predecessor-version":[{"id":19645,"href":"https:\/\/www.changemaker.fi\/sv\/wp-json\/wp\/v2\/pages\/5155\/revisions\/19645"}],"wp:featuredmedia":[{"embeddable":true,"href":"https:\/\/www.changemaker.fi\/sv\/wp-json\/wp\/v2\/media\/10871"}],"wp:attachment":[{"href":"https:\/\/www.changemaker.fi\/sv\/wp-json\/wp\/v2\/media?parent=5155"}],"curies":[{"name":"wp","href":"https:\/\/api.w.org\/{rel}","templated":true}]}}