{"id":538,"date":"2014-01-14T14:17:36","date_gmt":"2014-01-14T12:17:36","guid":{"rendered":"https:\/\/www.changemaker.fi\/?page_id=538"},"modified":"2025-05-15T16:55:11","modified_gmt":"2025-05-15T13:55:11","slug":"framsidan","status":"publish","type":"page","link":"https:\/\/www.changemaker.fi\/sv\/","title":{"rendered":"Framsidan"},"content":{"rendered":"","protected":false},"excerpt":{"rendered":"","protected":false},"author":1001017,"featured_media":7191,"parent":0,"menu_order":1,"comment_status":"closed","ping_status":"closed","template":"page-templates\/Etusivu.php","meta":{"_acf_changed":false,"footnotes":""},"class_list":["post-538","page","type-page","status-publish","has-post-thumbnail","hentry"],"acf":[],"yoast_head":"<!-- This site is optimized with the Yoast SEO plugin v27.3 - https:\/\/yoast.com\/product\/yoast-seo-wordpress\/ -->\n<title>Changemaker - Framsidan<\/title>\n<meta name=\"description\" content=\"Changemaker \u00e4r ett n\u00e4tverk fullt med m\u00f6jligheter f\u00f6r unga som vill verka f\u00f6r global r\u00e4ttvisa. Changemaker verkar i anslutning till Kyrkans Utlandshj\u00e4lp.\" \/>\n<meta name=\"robots\" content=\"index, follow, max-snippet:-1, max-image-preview:large, max-video-preview:-1\" \/>\n<link rel=\"canonical\" href=\"https:\/\/www.changemaker.fi\/sv\/\" \/>\n<meta property=\"og:locale\" content=\"en_US\" \/>\n<meta property=\"og:type\" content=\"article\" \/>\n<meta property=\"og:title\" content=\"Changemaker - Framsidan\" \/>\n<meta property=\"og:description\" content=\"Changemaker \u00e4r ett n\u00e4tverk fullt med m\u00f6jligheter f\u00f6r unga som vill verka f\u00f6r global r\u00e4ttvisa. Changemaker verkar i anslutning till Kyrkans Utlandshj\u00e4lp.\" \/>\n<meta property=\"og:url\" content=\"https:\/\/www.changemaker.fi\/sv\/\" \/>\n<meta property=\"og:site_name\" content=\"Changemaker\" \/>\n<meta property=\"article:modified_time\" content=\"2025-05-15T13:55:11+00:00\" \/>\n<meta property=\"og:image\" content=\"https:\/\/www.changemaker.fi\/wp-content\/uploads\/feissausta.jpg\" \/>\n\t<meta property=\"og:image:width\" content=\"1024\" \/>\n\t<meta property=\"og:image:height\" content=\"576\" \/>\n\t<meta property=\"og:image:type\" content=\"image\/jpeg\" \/>\n<meta name=\"twitter:label1\" content=\"Est. reading time\" \/>\n\t<meta name=\"twitter:data1\" content=\"1 minute\" \/>\n<script type=\"application\/ld+json\" class=\"yoast-schema-graph\">{\"@context\":\"https:\\\/\\\/schema.org\",\"@graph\":[{\"@type\":\"WebPage\",\"@id\":\"https:\\\/\\\/www.changemaker.fi\\\/sv\\\/\",\"url\":\"https:\\\/\\\/www.changemaker.fi\\\/sv\\\/\",\"name\":\"Changemaker - Framsidan\",\"isPartOf\":{\"@id\":\"https:\\\/\\\/www.changemaker.fi\\\/#website\"},\"primaryImageOfPage\":{\"@id\":\"https:\\\/\\\/www.changemaker.fi\\\/sv\\\/#primaryimage\"},\"image\":{\"@id\":\"https:\\\/\\\/www.changemaker.fi\\\/sv\\\/#primaryimage\"},\"thumbnailUrl\":\"https:\\\/\\\/www.changemaker.fi\\\/wp-content\\\/uploads\\\/feissausta.jpg\",\"datePublished\":\"2014-01-14T12:17:36+00:00\",\"dateModified\":\"2025-05-15T13:55:11+00:00\",\"description\":\"Changemaker \u00e4r ett n\u00e4tverk fullt med m\u00f6jligheter f\u00f6r unga som vill verka f\u00f6r global r\u00e4ttvisa. Changemaker verkar i anslutning till Kyrkans Utlandshj\u00e4lp.\",\"breadcrumb\":{\"@id\":\"https:\\\/\\\/www.changemaker.fi\\\/sv\\\/#breadcrumb\"},\"inLanguage\":\"sv\",\"potentialAction\":[{\"@type\":\"ReadAction\",\"target\":[\"https:\\\/\\\/www.changemaker.fi\\\/sv\\\/\"]}]},{\"@type\":\"ImageObject\",\"inLanguage\":\"sv\",\"@id\":\"https:\\\/\\\/www.changemaker.fi\\\/sv\\\/#primaryimage\",\"url\":\"https:\\\/\\\/www.changemaker.fi\\\/wp-content\\\/uploads\\\/feissausta.jpg\",\"contentUrl\":\"https:\\\/\\\/www.changemaker.fi\\\/wp-content\\\/uploads\\\/feissausta.jpg\",\"width\":1024,\"height\":576},{\"@type\":\"BreadcrumbList\",\"@id\":\"https:\\\/\\\/www.changemaker.fi\\\/sv\\\/#breadcrumb\",\"itemListElement\":[{\"@type\":\"ListItem\",\"position\":1,\"name\":\"Home\",\"item\":\"https:\\\/\\\/www.changemaker.fi\\\/sv\\\/\"},{\"@type\":\"ListItem\",\"position\":2,\"name\":\"Framsidan\"}]},{\"@type\":\"WebSite\",\"@id\":\"https:\\\/\\\/www.changemaker.fi\\\/#website\",\"url\":\"https:\\\/\\\/www.changemaker.fi\\\/\",\"name\":\"Changemaker\",\"description\":\"\",\"potentialAction\":[{\"@type\":\"SearchAction\",\"target\":{\"@type\":\"EntryPoint\",\"urlTemplate\":\"https:\\\/\\\/www.changemaker.fi\\\/?s={search_term_string}\"},\"query-input\":{\"@type\":\"PropertyValueSpecification\",\"valueRequired\":true,\"valueName\":\"search_term_string\"}}],\"inLanguage\":\"sv\"}]}<\/script>\n<!-- \/ Yoast SEO plugin. -->","yoast_head_json":{"title":"Changemaker - Framsidan","description":"Changemaker \u00e4r ett n\u00e4tverk fullt med m\u00f6jligheter f\u00f6r unga som vill verka f\u00f6r global r\u00e4ttvisa. Changemaker verkar i anslutning till Kyrkans Utlandshj\u00e4lp.","robots":{"index":"index","follow":"follow","max-snippet":"max-snippet:-1","max-image-preview":"max-image-preview:large","max-video-preview":"max-video-preview:-1"},"canonical":"https:\/\/www.changemaker.fi\/sv\/","og_locale":"en_US","og_type":"article","og_title":"Changemaker - Framsidan","og_description":"Changemaker \u00e4r ett n\u00e4tverk fullt med m\u00f6jligheter f\u00f6r unga som vill verka f\u00f6r global r\u00e4ttvisa. Changemaker verkar i anslutning till Kyrkans Utlandshj\u00e4lp.","og_url":"https:\/\/www.changemaker.fi\/sv\/","og_site_name":"Changemaker","article_modified_time":"2025-05-15T13:55:11+00:00","og_image":[{"width":1024,"height":576,"url":"https:\/\/www.changemaker.fi\/wp-content\/uploads\/feissausta.jpg","type":"image\/jpeg"}],"twitter_misc":{"Est. reading time":"1 minute"},"schema":{"@context":"https:\/\/schema.org","@graph":[{"@type":"WebPage","@id":"https:\/\/www.changemaker.fi\/sv\/","url":"https:\/\/www.changemaker.fi\/sv\/","name":"Changemaker - Framsidan","isPartOf":{"@id":"https:\/\/www.changemaker.fi\/#website"},"primaryImageOfPage":{"@id":"https:\/\/www.changemaker.fi\/sv\/#primaryimage"},"image":{"@id":"https:\/\/www.changemaker.fi\/sv\/#primaryimage"},"thumbnailUrl":"https:\/\/www.changemaker.fi\/wp-content\/uploads\/feissausta.jpg","datePublished":"2014-01-14T12:17:36+00:00","dateModified":"2025-05-15T13:55:11+00:00","description":"Changemaker \u00e4r ett n\u00e4tverk fullt med m\u00f6jligheter f\u00f6r unga som vill verka f\u00f6r global r\u00e4ttvisa. Changemaker verkar i anslutning till Kyrkans Utlandshj\u00e4lp.","breadcrumb":{"@id":"https:\/\/www.changemaker.fi\/sv\/#breadcrumb"},"inLanguage":"sv","potentialAction":[{"@type":"ReadAction","target":["https:\/\/www.changemaker.fi\/sv\/"]}]},{"@type":"ImageObject","inLanguage":"sv","@id":"https:\/\/www.changemaker.fi\/sv\/#primaryimage","url":"https:\/\/www.changemaker.fi\/wp-content\/uploads\/feissausta.jpg","contentUrl":"https:\/\/www.changemaker.fi\/wp-content\/uploads\/feissausta.jpg","width":1024,"height":576},{"@type":"BreadcrumbList","@id":"https:\/\/www.changemaker.fi\/sv\/#breadcrumb","itemListElement":[{"@type":"ListItem","position":1,"name":"Home","item":"https:\/\/www.changemaker.fi\/sv\/"},{"@type":"ListItem","position":2,"name":"Framsidan"}]},{"@type":"WebSite","@id":"https:\/\/www.changemaker.fi\/#website","url":"https:\/\/www.changemaker.fi\/","name":"Changemaker","description":"","potentialAction":[{"@type":"SearchAction","target":{"@type":"EntryPoint","urlTemplate":"https:\/\/www.changemaker.fi\/?s={search_term_string}"},"query-input":{"@type":"PropertyValueSpecification","valueRequired":true,"valueName":"search_term_string"}}],"inLanguage":"sv"}]}},"_links":{"self":[{"href":"https:\/\/www.changemaker.fi\/sv\/wp-json\/wp\/v2\/pages\/538","targetHints":{"allow":["GET"]}}],"collection":[{"href":"https:\/\/www.changemaker.fi\/sv\/wp-json\/wp\/v2\/pages"}],"about":[{"href":"https:\/\/www.changemaker.fi\/sv\/wp-json\/wp\/v2\/types\/page"}],"author":[{"embeddable":true,"href":"https:\/\/www.changemaker.fi\/sv\/wp-json\/wp\/v2\/users\/1001017"}],"replies":[{"embeddable":true,"href":"https:\/\/www.changemaker.fi\/sv\/wp-json\/wp\/v2\/comments?post=538"}],"version-history":[{"count":80,"href":"https:\/\/www.changemaker.fi\/sv\/wp-json\/wp\/v2\/pages\/538\/revisions"}],"predecessor-version":[{"id":21635,"href":"https:\/\/www.changemaker.fi\/sv\/wp-json\/wp\/v2\/pages\/538\/revisions\/21635"}],"wp:featuredmedia":[{"embeddable":true,"href":"https:\/\/www.changemaker.fi\/sv\/wp-json\/wp\/v2\/media\/7191"}],"wp:attachment":[{"href":"https:\/\/www.changemaker.fi\/sv\/wp-json\/wp\/v2\/media?parent=538"}],"curies":[{"name":"wp","href":"https:\/\/api.w.org\/{rel}","templated":true}]}}