{"id":568,"date":"2013-11-06T12:39:32","date_gmt":"2013-11-06T10:39:32","guid":{"rendered":"https:\/\/www.changemaker.fi\/toimintamme-2\/"},"modified":"2020-08-04T13:11:31","modified_gmt":"2020-08-04T10:11:31","slug":"engagera-dig","status":"publish","type":"page","link":"https:\/\/www.changemaker.fi\/sv\/vad-ar-changemaker\/engagera-dig\/","title":{"rendered":"Med i verksamheten"},"content":{"rendered":"<p>I Changemaker kan du hitta ett s\u00e4tt att f\u00f6rb\u00e4ttra v\u00e4rlden som passar just dig. Du kan delta i verksamheten bland annat p\u00e5 f\u00f6ljande s\u00e4tt. Aktuell info om kommande evenemang hittar du fr\u00e5n h\u00e4ndelsekalendern.<\/p>\n<p><strong>Changemaker-veckoslutet<\/strong> ordnas h\u00f6st och v\u00e5r p\u00e5 varierande orter i Finland. P\u00e5 veckoslutet h\u00e5lls skolningar och verkst\u00e4der. Det \u00e4r ocks\u00e5 ett utm\u00e4rkt s\u00e4tt att l\u00e4ra k\u00e4nna andra Changemakare och komma med i verksamheten!<\/p>\n<p><strong>P\u00e5verkningsverksamhetens ABC-skolningar<\/strong> hj\u00e4lper dig att p\u00e5verka resten av v\u00e4rlden fr\u00e5n Finland, du l\u00e4r dig om p\u00e5verkningens olika former, som hur man kan f\u00f6rverkliga en egen kampanj, adress eller st\u00e4llningstagande.<\/p>\n<p>Changemaker har \u00e5rligen <strong>kampanjer<\/strong> som behandlar aktuella utvecklingsfr\u00e5gor. G\u00e4llande p\u00e5verkningsverksamheten lyfter Changemaker fram strukturer som leder till or\u00e4ttvisa, speciellt i tredje v\u00e4rlden. I centrum \u00e4r tanken om vad vi i Finland kan g\u00f6ra f\u00f6r att l\u00f6sa globala problem. De frivilliga planerar och genomf\u00f6r kampanjerna. Kom med och hitta p\u00e5 st\u00e4llningstagande kampanjer, ordna evenemang och g\u00f6ra p\u00e5verkningsverksamheten synligare.<\/p>\n<p>Under <strong>Changemaker-kv\u00e4llarna<\/strong> diskuterar vi aktuella \u00e4renden, f\u00f6rdjupar oss i olika s\u00e4tt att p\u00e5verka och bekantar oss med omr\u00e5den som intresserar de frivilliga. Changemakerkv\u00e4llar ordnas regelbundet i Helsingfors och p\u00e5 andra orter enligt intresse. Du kan ocks\u00e5 ordna Changemakerverksamhet p\u00e5 din egen ort, kontakta koordinatorerna eller Changemakers team f\u00f6r detta.<\/p>\n<p>I <strong>Globalistis<\/strong> redaktion f\u00e5r du vara med och g\u00f6ra Changemakers egna tidning, och f\u00e5r p\u00e5 s\u00e5 s\u00e4tt v\u00e4rdefull erfarenhet av journalistik. Redaktionen introduceras i sina uppgifter under journalistikskolningarna.<\/p>\n<p>Changemaker samarbetar internationellt med Changemaker-n\u00e4tverk utomlands, ACT-alliance och olika utvecklingssamarbetsorganisationer.<\/p>\n<h2><\/h2>\n","protected":false},"excerpt":{"rendered":"<p>I Changemaker kan du hitta ett s\u00e4tt att f\u00f6rb\u00e4ttra v\u00e4rlden som passar just dig. Du kan delta i verksamheten bland annat p\u00e5 f\u00f6ljande s\u00e4tt. Aktuell info om kommande evenemang hittar du fr\u00e5n h\u00e4ndelsekalendern. Changemaker-veckoslutet ordnas h\u00f6st och v\u00e5r p\u00e5 varierande orter i Finland. P\u00e5 veckoslutet h\u00e5lls skolningar och verkst\u00e4der. Det \u00e4r ocks\u00e5 ett utm\u00e4rkt s\u00e4tt [&hellip;]<\/p>\n","protected":false},"author":1001017,"featured_media":16408,"parent":5155,"menu_order":10,"comment_status":"closed","ping_status":"closed","template":"","meta":{"_acf_changed":false,"footnotes":""},"class_list":["post-568","page","type-page","status-publish","has-post-thumbnail","hentry"],"acf":[],"yoast_head":"<!-- This site is optimized with the Yoast SEO plugin v27.1.1 - https:\/\/yoast.com\/product\/yoast-seo-wordpress\/ -->\n<title>Med i verksamheten - Changemaker<\/title>\n<meta name=\"description\" content=\"Changemaker \u00e4r fullt av m\u00f6jligheter att verka f\u00f6r global r\u00e4ttvisa. V\u00e4lj det som passar dig och kom med!\" \/>\n<meta name=\"robots\" content=\"index, follow, max-snippet:-1, max-image-preview:large, max-video-preview:-1\" \/>\n<link rel=\"canonical\" href=\"https:\/\/www.changemaker.fi\/sv\/vad-ar-changemaker\/engagera-dig\/\" \/>\n<meta property=\"og:locale\" content=\"en_US\" \/>\n<meta property=\"og:type\" content=\"article\" \/>\n<meta property=\"og:title\" content=\"Med i verksamheten - Changemaker\" \/>\n<meta property=\"og:description\" content=\"Changemaker \u00e4r fullt av m\u00f6jligheter att verka f\u00f6r global r\u00e4ttvisa. V\u00e4lj det som passar dig och kom med!\" \/>\n<meta property=\"og:url\" content=\"https:\/\/www.changemaker.fi\/sv\/vad-ar-changemaker\/engagera-dig\/\" \/>\n<meta property=\"og:site_name\" content=\"Changemaker\" \/>\n<meta property=\"article:modified_time\" content=\"2020-08-04T10:11:31+00:00\" \/>\n<meta property=\"og:image\" content=\"https:\/\/www.changemaker.fi\/wp-content\/uploads\/maailmakyl\u00e4ss\u00e42018.jpg\" \/>\n\t<meta property=\"og:image:width\" content=\"1024\" \/>\n\t<meta property=\"og:image:height\" content=\"577\" \/>\n\t<meta property=\"og:image:type\" content=\"image\/jpeg\" \/>\n<meta name=\"twitter:label1\" content=\"Est. reading time\" \/>\n\t<meta name=\"twitter:data1\" content=\"1 minute\" \/>\n<script type=\"application\/ld+json\" class=\"yoast-schema-graph\">{\"@context\":\"https:\/\/schema.org\",\"@graph\":[{\"@type\":\"WebPage\",\"@id\":\"https:\/\/www.changemaker.fi\/sv\/vad-ar-changemaker\/engagera-dig\/\",\"url\":\"https:\/\/www.changemaker.fi\/sv\/vad-ar-changemaker\/engagera-dig\/\",\"name\":\"Med i verksamheten - Changemaker\",\"isPartOf\":{\"@id\":\"https:\/\/www.changemaker.fi\/#website\"},\"primaryImageOfPage\":{\"@id\":\"https:\/\/www.changemaker.fi\/sv\/vad-ar-changemaker\/engagera-dig\/#primaryimage\"},\"image\":{\"@id\":\"https:\/\/www.changemaker.fi\/sv\/vad-ar-changemaker\/engagera-dig\/#primaryimage\"},\"thumbnailUrl\":\"https:\/\/www.changemaker.fi\/wp-content\/uploads\/maailmakyl\u00e4ss\u00e42018.jpg\",\"datePublished\":\"2013-11-06T10:39:32+00:00\",\"dateModified\":\"2020-08-04T10:11:31+00:00\",\"description\":\"Changemaker \u00e4r fullt av m\u00f6jligheter att verka f\u00f6r global r\u00e4ttvisa. V\u00e4lj det som passar dig och kom med!\",\"breadcrumb\":{\"@id\":\"https:\/\/www.changemaker.fi\/sv\/vad-ar-changemaker\/engagera-dig\/#breadcrumb\"},\"inLanguage\":\"sv\",\"potentialAction\":[{\"@type\":\"ReadAction\",\"target\":[\"https:\/\/www.changemaker.fi\/sv\/vad-ar-changemaker\/engagera-dig\/\"]}]},{\"@type\":\"ImageObject\",\"inLanguage\":\"sv\",\"@id\":\"https:\/\/www.changemaker.fi\/sv\/vad-ar-changemaker\/engagera-dig\/#primaryimage\",\"url\":\"https:\/\/www.changemaker.fi\/wp-content\/uploads\/maailmakyl\u00e4ss\u00e42018.jpg\",\"contentUrl\":\"https:\/\/www.changemaker.fi\/wp-content\/uploads\/maailmakyl\u00e4ss\u00e42018.jpg\",\"width\":1024,\"height\":577,\"caption\":\"Changemakerin vapaaehtoisia kampanjoimassa\"},{\"@type\":\"BreadcrumbList\",\"@id\":\"https:\/\/www.changemaker.fi\/sv\/vad-ar-changemaker\/engagera-dig\/#breadcrumb\",\"itemListElement\":[{\"@type\":\"ListItem\",\"position\":1,\"name\":\"Home\",\"item\":\"https:\/\/www.changemaker.fi\/sv\/\"},{\"@type\":\"ListItem\",\"position\":2,\"name\":\"Vad \u00e4r Changemaker?\",\"item\":\"https:\/\/www.changemaker.fi\/sv\/vad-ar-changemaker\/\"},{\"@type\":\"ListItem\",\"position\":3,\"name\":\"Med i verksamheten\"}]},{\"@type\":\"WebSite\",\"@id\":\"https:\/\/www.changemaker.fi\/#website\",\"url\":\"https:\/\/www.changemaker.fi\/\",\"name\":\"Changemaker\",\"description\":\"\",\"potentialAction\":[{\"@type\":\"SearchAction\",\"target\":{\"@type\":\"EntryPoint\",\"urlTemplate\":\"https:\/\/www.changemaker.fi\/?s={search_term_string}\"},\"query-input\":{\"@type\":\"PropertyValueSpecification\",\"valueRequired\":true,\"valueName\":\"search_term_string\"}}],\"inLanguage\":\"sv\"}]}<\/script>\n<!-- \/ Yoast SEO plugin. -->","yoast_head_json":{"title":"Med i verksamheten - Changemaker","description":"Changemaker \u00e4r fullt av m\u00f6jligheter att verka f\u00f6r global r\u00e4ttvisa. V\u00e4lj det som passar dig och kom med!","robots":{"index":"index","follow":"follow","max-snippet":"max-snippet:-1","max-image-preview":"max-image-preview:large","max-video-preview":"max-video-preview:-1"},"canonical":"https:\/\/www.changemaker.fi\/sv\/vad-ar-changemaker\/engagera-dig\/","og_locale":"en_US","og_type":"article","og_title":"Med i verksamheten - Changemaker","og_description":"Changemaker \u00e4r fullt av m\u00f6jligheter att verka f\u00f6r global r\u00e4ttvisa. V\u00e4lj det som passar dig och kom med!","og_url":"https:\/\/www.changemaker.fi\/sv\/vad-ar-changemaker\/engagera-dig\/","og_site_name":"Changemaker","article_modified_time":"2020-08-04T10:11:31+00:00","og_image":[{"width":1024,"height":577,"url":"https:\/\/www.changemaker.fi\/wp-content\/uploads\/maailmakyl\u00e4ss\u00e42018.jpg","type":"image\/jpeg"}],"twitter_misc":{"Est. reading time":"1 minute"},"schema":{"@context":"https:\/\/schema.org","@graph":[{"@type":"WebPage","@id":"https:\/\/www.changemaker.fi\/sv\/vad-ar-changemaker\/engagera-dig\/","url":"https:\/\/www.changemaker.fi\/sv\/vad-ar-changemaker\/engagera-dig\/","name":"Med i verksamheten - Changemaker","isPartOf":{"@id":"https:\/\/www.changemaker.fi\/#website"},"primaryImageOfPage":{"@id":"https:\/\/www.changemaker.fi\/sv\/vad-ar-changemaker\/engagera-dig\/#primaryimage"},"image":{"@id":"https:\/\/www.changemaker.fi\/sv\/vad-ar-changemaker\/engagera-dig\/#primaryimage"},"thumbnailUrl":"https:\/\/www.changemaker.fi\/wp-content\/uploads\/maailmakyl\u00e4ss\u00e42018.jpg","datePublished":"2013-11-06T10:39:32+00:00","dateModified":"2020-08-04T10:11:31+00:00","description":"Changemaker \u00e4r fullt av m\u00f6jligheter att verka f\u00f6r global r\u00e4ttvisa. V\u00e4lj det som passar dig och kom med!","breadcrumb":{"@id":"https:\/\/www.changemaker.fi\/sv\/vad-ar-changemaker\/engagera-dig\/#breadcrumb"},"inLanguage":"sv","potentialAction":[{"@type":"ReadAction","target":["https:\/\/www.changemaker.fi\/sv\/vad-ar-changemaker\/engagera-dig\/"]}]},{"@type":"ImageObject","inLanguage":"sv","@id":"https:\/\/www.changemaker.fi\/sv\/vad-ar-changemaker\/engagera-dig\/#primaryimage","url":"https:\/\/www.changemaker.fi\/wp-content\/uploads\/maailmakyl\u00e4ss\u00e42018.jpg","contentUrl":"https:\/\/www.changemaker.fi\/wp-content\/uploads\/maailmakyl\u00e4ss\u00e42018.jpg","width":1024,"height":577,"caption":"Changemakerin vapaaehtoisia kampanjoimassa"},{"@type":"BreadcrumbList","@id":"https:\/\/www.changemaker.fi\/sv\/vad-ar-changemaker\/engagera-dig\/#breadcrumb","itemListElement":[{"@type":"ListItem","position":1,"name":"Home","item":"https:\/\/www.changemaker.fi\/sv\/"},{"@type":"ListItem","position":2,"name":"Vad \u00e4r Changemaker?","item":"https:\/\/www.changemaker.fi\/sv\/vad-ar-changemaker\/"},{"@type":"ListItem","position":3,"name":"Med i verksamheten"}]},{"@type":"WebSite","@id":"https:\/\/www.changemaker.fi\/#website","url":"https:\/\/www.changemaker.fi\/","name":"Changemaker","description":"","potentialAction":[{"@type":"SearchAction","target":{"@type":"EntryPoint","urlTemplate":"https:\/\/www.changemaker.fi\/?s={search_term_string}"},"query-input":{"@type":"PropertyValueSpecification","valueRequired":true,"valueName":"search_term_string"}}],"inLanguage":"sv"}]}},"_links":{"self":[{"href":"https:\/\/www.changemaker.fi\/sv\/wp-json\/wp\/v2\/pages\/568","targetHints":{"allow":["GET"]}}],"collection":[{"href":"https:\/\/www.changemaker.fi\/sv\/wp-json\/wp\/v2\/pages"}],"about":[{"href":"https:\/\/www.changemaker.fi\/sv\/wp-json\/wp\/v2\/types\/page"}],"author":[{"embeddable":true,"href":"https:\/\/www.changemaker.fi\/sv\/wp-json\/wp\/v2\/users\/1001017"}],"replies":[{"embeddable":true,"href":"https:\/\/www.changemaker.fi\/sv\/wp-json\/wp\/v2\/comments?post=568"}],"version-history":[{"count":24,"href":"https:\/\/www.changemaker.fi\/sv\/wp-json\/wp\/v2\/pages\/568\/revisions"}],"predecessor-version":[{"id":17606,"href":"https:\/\/www.changemaker.fi\/sv\/wp-json\/wp\/v2\/pages\/568\/revisions\/17606"}],"up":[{"embeddable":true,"href":"https:\/\/www.changemaker.fi\/sv\/wp-json\/wp\/v2\/pages\/5155"}],"wp:featuredmedia":[{"embeddable":true,"href":"https:\/\/www.changemaker.fi\/sv\/wp-json\/wp\/v2\/media\/16408"}],"wp:attachment":[{"href":"https:\/\/www.changemaker.fi\/sv\/wp-json\/wp\/v2\/media?parent=568"}],"curies":[{"name":"wp","href":"https:\/\/api.w.org\/{rel}","templated":true}]}}