{"id":570,"date":"2013-11-06T12:40:04","date_gmt":"2013-11-06T10:40:04","guid":{"rendered":"https:\/\/www.changemaker.fi\/toimintamme\/liity-jaseneksi\/"},"modified":"2018-05-25T11:54:15","modified_gmt":"2018-05-25T08:54:15","slug":"bli-medlem","status":"publish","type":"page","link":"https:\/\/www.changemaker.fi\/sv\/vad-ar-changemaker\/bli-medlem\/","title":{"rendered":"Bli medlem"},"content":{"rendered":"<p>Vill du verka f\u00f6r global r\u00e4ttvisa? Kom med och bli medlem \u2013 ungdomsn\u00e4tverket Changemaker \u00e4r till f\u00f6r dig!<\/p>\n<p>Changemakers verksamhet \u00e4r \u00f6ppen f\u00f6r alla. Du kan bli Changemakermedlem genom att fylla i formul\u00e4ret nedan. Medlemskapet \u00e4r gratis och f\u00f6rpliktigar inte till n\u00e5gonting, men det erbjuder dig m\u00e5nga m\u00f6jligheter.<\/p>\n<p>F\u00f6r att bli medlem i Changemaker skall du vara \u00a013-35 \u00e4r gammal finsk medborgare eller har hemort i Finland.\u00a0\u00c4r du \u00e4ldre, kan du \u00e4nd\u00e5 st\u00f6da oss i egenskap av changementor.<\/p>\n<p><span style=\"line-height: 1.5;\">V\u00e4lkommen \u2013 Tillsammans f\u00f6r\u00e4ndrar vi v\u00e4rlden!<\/span><\/p>\n<script type=\"text\/javascript\">\n\/* <![CDATA[ *\/\nvar gform;gform||(document.addEventListener(\"gform_main_scripts_loaded\",function(){gform.scriptsLoaded=!0}),document.addEventListener(\"gform\/theme\/scripts_loaded\",function(){gform.themeScriptsLoaded=!0}),window.addEventListener(\"DOMContentLoaded\",function(){gform.domLoaded=!0}),gform={domLoaded:!1,scriptsLoaded:!1,themeScriptsLoaded:!1,isFormEditor:()=>\"function\"==typeof InitializeEditor,callIfLoaded:function(o){return!(!gform.domLoaded||!gform.scriptsLoaded||!gform.themeScriptsLoaded&&!gform.isFormEditor()||(gform.isFormEditor()&&console.warn(\"The use of gform.initializeOnLoaded() is deprecated in the form editor context and will be removed in Gravity Forms 3.1.\"),o(),0))},initializeOnLoaded:function(o){gform.callIfLoaded(o)||(document.addEventListener(\"gform_main_scripts_loaded\",()=>{gform.scriptsLoaded=!0,gform.callIfLoaded(o)}),document.addEventListener(\"gform\/theme\/scripts_loaded\",()=>{gform.themeScriptsLoaded=!0,gform.callIfLoaded(o)}),window.addEventListener(\"DOMContentLoaded\",()=>{gform.domLoaded=!0,gform.callIfLoaded(o)}))},hooks:{action:{},filter:{}},addAction:function(o,r,e,t){gform.addHook(\"action\",o,r,e,t)},addFilter:function(o,r,e,t){gform.addHook(\"filter\",o,r,e,t)},doAction:function(o){gform.doHook(\"action\",o,arguments)},applyFilters:function(o){return gform.doHook(\"filter\",o,arguments)},removeAction:function(o,r){gform.removeHook(\"action\",o,r)},removeFilter:function(o,r,e){gform.removeHook(\"filter\",o,r,e)},addHook:function(o,r,e,t,n){null==gform.hooks[o][r]&&(gform.hooks[o][r]=[]);var d=gform.hooks[o][r];null==n&&(n=r+\"_\"+d.length),gform.hooks[o][r].push({tag:n,callable:e,priority:t=null==t?10:t})},doHook:function(r,o,e){var t;if(e=Array.prototype.slice.call(e,1),null!=gform.hooks[r][o]&&((o=gform.hooks[r][o]).sort(function(o,r){return o.priority-r.priority}),o.forEach(function(o){\"function\"!=typeof(t=o.callable)&&(t=window[t]),\"action\"==r?t.apply(null,e):e[0]=t.apply(null,e)})),\"filter\"==r)return e[0]},removeHook:function(o,r,t,n){var e;null!=gform.hooks[o][r]&&(e=(e=gform.hooks[o][r]).filter(function(o,r,e){return!!(null!=n&&n!=o.tag||null!=t&&t!=o.priority)}),gform.hooks[o][r]=e)}});\n\/* ]]> *\/\n<\/script>\n\n                <div class='gf_browser_gecko gform_wrapper gform_legacy_markup_wrapper gform-theme--no-framework' data-form-theme='legacy' data-form-index='0' id='gform_wrapper_6' ><form method='post' enctype='multipart\/form-data'  id='gform_6'  action='\/sv\/wp-json\/wp\/v2\/pages\/570' data-formid='6' novalidate>\n                        <div class='gform-body gform_body'><ul id='gform_fields_6' class='gform_fields top_label form_sublabel_below description_below validation_below'><li id=\"field_6_11\" class=\"gfield gfield--type-honeypot gform_validation_container field_sublabel_below gfield--has-description field_description_below field_validation_below gfield_visibility_visible\"  ><label class='gfield_label gform-field-label' for='input_6_11'>Instagram<\/label><div class='ginput_container'><input name='input_11' id='input_6_11' type='text' value='' autocomplete='new-password'\/><\/div><div class='gfield_description' id='gfield_description_6_11'>This field is for validation purposes and should be left unchanged.<\/div><\/li><li id=\"field_6_1\" class=\"gfield gfield--type-text gfield_contains_required field_sublabel_below gfield--no-description field_description_below field_validation_below gfield_visibility_visible\"  ><label class='gfield_label gform-field-label' for='input_6_1'>F\u00f6rnamn<span class=\"gfield_required\"><span class=\"gfield_required gfield_required_asterisk\">*<\/span><\/span><\/label><div class='ginput_container ginput_container_text'><input name='input_1' id='input_6_1' type='text' value='' class='medium'     aria-required=\"true\" aria-invalid=\"false\"   \/><\/div><\/li><li id=\"field_6_2\" class=\"gfield gfield--type-text gfield_contains_required field_sublabel_below gfield--no-description field_description_below field_validation_below gfield_visibility_visible\"  ><label class='gfield_label gform-field-label' for='input_6_2'>Efternamn<span class=\"gfield_required\"><span class=\"gfield_required gfield_required_asterisk\">*<\/span><\/span><\/label><div class='ginput_container ginput_container_text'><input name='input_2' id='input_6_2' type='text' value='' class='medium'     aria-required=\"true\" aria-invalid=\"false\"   \/><\/div><\/li><li id=\"field_6_3\" class=\"gfield gfield--type-text gfield_contains_required field_sublabel_below gfield--no-description field_description_below field_validation_below gfield_visibility_visible\"  ><label class='gfield_label gform-field-label' for='input_6_3'>F\u00f6delse\u00e5r<span class=\"gfield_required\"><span class=\"gfield_required gfield_required_asterisk\">*<\/span><\/span><\/label><div class='ginput_container ginput_container_text'><input name='input_3' id='input_6_3' type='text' value='' class='medium'     aria-required=\"true\" aria-invalid=\"false\"   \/><\/div><\/li><li id=\"field_6_4\" class=\"gfield gfield--type-text gfield_contains_required field_sublabel_below gfield--no-description field_description_below field_validation_below gfield_visibility_visible\"  ><label class='gfield_label gform-field-label' for='input_6_4'>Adress<span class=\"gfield_required\"><span class=\"gfield_required gfield_required_asterisk\">*<\/span><\/span><\/label><div class='ginput_container ginput_container_text'><input name='input_4' id='input_6_4' type='text' value='' class='medium'     aria-required=\"true\" aria-invalid=\"false\"   \/><\/div><\/li><li id=\"field_6_5\" class=\"gfield gfield--type-text gfield_contains_required field_sublabel_below gfield--no-description field_description_below field_validation_below gfield_visibility_visible\"  ><label class='gfield_label gform-field-label' for='input_6_5'>Postnummer<span class=\"gfield_required\"><span class=\"gfield_required gfield_required_asterisk\">*<\/span><\/span><\/label><div class='ginput_container ginput_container_text'><input name='input_5' id='input_6_5' type='text' value='' class='medium'     aria-required=\"true\" aria-invalid=\"false\"   \/><\/div><\/li><li id=\"field_6_6\" class=\"gfield gfield--type-text gfield_contains_required field_sublabel_below gfield--no-description field_description_below field_validation_below gfield_visibility_visible\"  ><label class='gfield_label gform-field-label' for='input_6_6'>Postort<span class=\"gfield_required\"><span class=\"gfield_required gfield_required_asterisk\">*<\/span><\/span><\/label><div class='ginput_container ginput_container_text'><input name='input_6' id='input_6_6' type='text' value='' class='medium'     aria-required=\"true\" aria-invalid=\"false\"   \/><\/div><\/li><li id=\"field_6_7\" class=\"gfield gfield--type-text gfield_contains_required field_sublabel_below gfield--no-description field_description_below field_validation_below gfield_visibility_visible\"  ><label class='gfield_label gform-field-label' for='input_6_7'>E-postadress<span class=\"gfield_required\"><span class=\"gfield_required gfield_required_asterisk\">*<\/span><\/span><\/label><div class='ginput_container ginput_container_text'><input name='input_7' id='input_6_7' type='text' value='' class='medium'     aria-required=\"true\" aria-invalid=\"false\"   \/><\/div><\/li><li id=\"field_6_9\" class=\"gfield gfield--type-text gfield_contains_required field_sublabel_below gfield--no-description field_description_below field_validation_below gfield_visibility_visible\"  ><label class='gfield_label gform-field-label' for='input_6_9'>Telefonnummer<span class=\"gfield_required\"><span class=\"gfield_required gfield_required_asterisk\">*<\/span><\/span><\/label><div class='ginput_container ginput_container_text'><input name='input_9' id='input_6_9' type='text' value='' class='medium'     aria-required=\"true\" aria-invalid=\"false\"   \/><\/div><\/li><li id=\"field_6_10\" class=\"gfield gfield--type-select gfield_contains_required field_sublabel_below gfield--no-description field_description_below field_validation_below gfield_visibility_visible\"  ><label class='gfield_label gform-field-label' for='input_6_10'>Vill du ha Globalisti-tidningen till din hem?<span class=\"gfield_required\"><span class=\"gfield_required gfield_required_asterisk\">*<\/span><\/span><\/label><div class='ginput_container ginput_container_select'><select name='input_10' id='input_6_10' class='medium gfield_select'    aria-required=\"true\" aria-invalid=\"false\" ><option value='Ja' >Ja<\/option><option value='Nej' >Nej<\/option><\/select><\/div><\/li><\/ul><\/div>\n        <div class='gform-footer gform_footer top_label'> <input type='submit' id='gform_submit_button_6' class='gform_button button' onclick='gform.submission.handleButtonClick(this);' data-submission-type='submit' value='S\u00e4nd'  \/> \n            <input type='hidden' class='gform_hidden' name='gform_submission_method' data-js='gform_submission_method_6' value='postback' \/>\n            <input type='hidden' class='gform_hidden' name='gform_theme' data-js='gform_theme_6' id='gform_theme_6' value='legacy' \/>\n            <input type='hidden' class='gform_hidden' name='gform_style_settings' data-js='gform_style_settings_6' id='gform_style_settings_6' value='[]' \/>\n            <input type='hidden' class='gform_hidden' name='is_submit_6' value='1' \/>\n            <input type='hidden' class='gform_hidden' name='gform_submit' value='6' \/>\n            \n            <input type='hidden' class='gform_hidden' name='gform_currency' data-currency='USD' value='VLc3YxeJ6fDKS5Gb3vKynkYGSX1+fgvUilK7Eh5aVU59tKb9E0WprIe1xzaSp3W7iKs4nPPitb\/LlV3vM6arQSBW0X6ifx8esoXavqWwn5m8De0=' \/>\n            <input type='hidden' class='gform_hidden' name='gform_unique_id' value='' \/>\n            <input type='hidden' class='gform_hidden' name='state_6' value='WyJbXSIsImZhOGMxZWE4ZGIwZWZmMTU5YmExMWI1MDgyMTkxNDFlIl0=' \/>\n            <input type='hidden' autocomplete='off' class='gform_hidden' name='gform_target_page_number_6' id='gform_target_page_number_6' value='0' \/>\n            <input type='hidden' autocomplete='off' class='gform_hidden' name='gform_source_page_number_6' id='gform_source_page_number_6' value='1' \/>\n            <input type='hidden' name='gform_field_values' value='' \/>\n            \n        <\/div>\n                        <\/form>\n                        <\/div><script type=\"text\/javascript\">\n\/* <![CDATA[ *\/\n gform.initializeOnLoaded( function() {gformInitSpinner( 6, 'https:\/\/www.changemaker.fi\/wp-content\/plugins\/gravityforms\/images\/spinner.svg', true );jQuery('#gform_ajax_frame_6').on('load',function(){var contents = jQuery(this).contents().find('*').html();var is_postback = contents.indexOf('GF_AJAX_POSTBACK') >= 0;if(!is_postback){return;}var form_content = jQuery(this).contents().find('#gform_wrapper_6');var is_confirmation = jQuery(this).contents().find('#gform_confirmation_wrapper_6').length > 0;var is_redirect = contents.indexOf('gformRedirect(){') >= 0;var is_form = form_content.length > 0 && ! is_redirect && ! is_confirmation;var mt = parseInt(jQuery('html').css('margin-top'), 10) + parseInt(jQuery('body').css('margin-top'), 10) + 100;if(is_form){jQuery('#gform_wrapper_6').html(form_content.html());if(form_content.hasClass('gform_validation_error')){jQuery('#gform_wrapper_6').addClass('gform_validation_error');} else {jQuery('#gform_wrapper_6').removeClass('gform_validation_error');}setTimeout( function() { \/* delay the scroll by 50 milliseconds to fix a bug in chrome *\/  }, 50 );if(window['gformInitDatepicker']) {gformInitDatepicker();}if(window['gformInitPriceFields']) {gformInitPriceFields();}var current_page = jQuery('#gform_source_page_number_6').val();gformInitSpinner( 6, 'https:\/\/www.changemaker.fi\/wp-content\/plugins\/gravityforms\/images\/spinner.svg', true );jQuery(document).trigger('gform_page_loaded', [6, current_page]);window['gf_submitting_6'] = false;}else if(!is_redirect){var confirmation_content = jQuery(this).contents().find('.GF_AJAX_POSTBACK').html();if(!confirmation_content){confirmation_content = contents;}jQuery('#gform_wrapper_6').replaceWith(confirmation_content);jQuery(document).trigger('gform_confirmation_loaded', [6]);window['gf_submitting_6'] = false;wp.a11y.speak(jQuery('#gform_confirmation_message_6').text());}else{jQuery('#gform_6').append(contents);if(window['gformRedirect']) {gformRedirect();}}jQuery(document).trigger(\"gform_pre_post_render\", [{ formId: \"6\", currentPage: \"current_page\", abort: function() { this.preventDefault(); } }]);        if (event && event.defaultPrevented) {                return;        }        const gformWrapperDiv = document.getElementById( \"gform_wrapper_6\" );        if ( gformWrapperDiv ) {            const visibilitySpan = document.createElement( \"span\" );            visibilitySpan.id = \"gform_visibility_test_6\";            gformWrapperDiv.insertAdjacentElement( \"afterend\", visibilitySpan );        }        const visibilityTestDiv = document.getElementById( \"gform_visibility_test_6\" );        let postRenderFired = false;        function triggerPostRender() {            if ( postRenderFired ) {                return;            }            postRenderFired = true;            gform.core.triggerPostRenderEvents( 6, current_page );            if ( visibilityTestDiv ) {                visibilityTestDiv.parentNode.removeChild( visibilityTestDiv );            }        }        function debounce( func, wait, immediate ) {            var timeout;            return function() {                var context = this, args = arguments;                var later = function() {                    timeout = null;                    if ( !immediate ) func.apply( context, args );                };                var callNow = immediate && !timeout;                clearTimeout( timeout );                timeout = setTimeout( later, wait );                if ( callNow ) func.apply( context, args );            };        }        const debouncedTriggerPostRender = debounce( function() {            triggerPostRender();        }, 200 );        if ( visibilityTestDiv && visibilityTestDiv.offsetParent === null ) {            const observer = new MutationObserver( ( mutations ) => {                mutations.forEach( ( mutation ) => {                    if ( mutation.type === 'attributes' && visibilityTestDiv.offsetParent !== null ) {                        debouncedTriggerPostRender();                        observer.disconnect();                    }                });            });            observer.observe( document.body, {                attributes: true,                childList: false,                subtree: true,                attributeFilter: [ 'style', 'class' ],            });        } else {            triggerPostRender();        }    } );} ); \n\/* ]]> *\/\n<\/script>\n\n<p>Changemaker \u00e4r en del av Kyrkans Utlandshj\u00e4lp. Mer information om hur vi beaktar dataskydd och hanterar dina personuppgifter hittar du <a href=\"https:\/\/www.kirkonulkomaanapu.fi\/sv\/integritetsskyddet\/\" target=\"_blank\" rel=\"noopener\"><strong>h\u00e4r<\/strong> <\/a>(\u00f6ppnas i nytt f\u00f6nster). P\u00e5 sidorna hittar du ocks\u00e5 personregisterbeskrivningar.<\/p>\n","protected":false},"excerpt":{"rendered":"<p>Vill du verka f\u00f6r global r\u00e4ttvisa? Kom med och bli medlem \u2013 ungdomsn\u00e4tverket Changemaker \u00e4r till f\u00f6r dig! Changemakers verksamhet \u00e4r \u00f6ppen f\u00f6r alla. Du kan bli Changemakermedlem genom att fylla i formul\u00e4ret nedan. Medlemskapet \u00e4r gratis och f\u00f6rpliktigar inte till n\u00e5gonting, men det erbjuder dig m\u00e5nga m\u00f6jligheter. F\u00f6r att bli medlem i Changemaker skall [&hellip;]<\/p>\n","protected":false},"author":1001017,"featured_media":402,"parent":5155,"menu_order":30,"comment_status":"closed","ping_status":"closed","template":"","meta":{"_acf_changed":false,"footnotes":""},"class_list":["post-570","page","type-page","status-publish","has-post-thumbnail","hentry"],"acf":[],"yoast_head":"<!-- This site is optimized with the Yoast SEO plugin v27.3 - https:\/\/yoast.com\/product\/yoast-seo-wordpress\/ -->\n<title>Bli medlem - Changemaker<\/title>\n<meta name=\"robots\" content=\"index, follow, max-snippet:-1, max-image-preview:large, max-video-preview:-1\" \/>\n<link rel=\"canonical\" href=\"https:\/\/www.changemaker.fi\/sv\/vad-ar-changemaker\/bli-medlem\/\" \/>\n<meta property=\"og:locale\" content=\"en_US\" \/>\n<meta property=\"og:type\" content=\"article\" \/>\n<meta property=\"og:title\" content=\"Bli medlem - Changemaker\" \/>\n<meta property=\"og:description\" content=\"Vill du verka f\u00f6r global r\u00e4ttvisa? Kom med och bli medlem \u2013 ungdomsn\u00e4tverket Changemaker \u00e4r till f\u00f6r dig! Changemakers verksamhet \u00e4r \u00f6ppen f\u00f6r alla. Du kan bli Changemakermedlem genom att fylla i formul\u00e4ret nedan. Medlemskapet \u00e4r gratis och f\u00f6rpliktigar inte till n\u00e5gonting, men det erbjuder dig m\u00e5nga m\u00f6jligheter. F\u00f6r att bli medlem i Changemaker skall [&hellip;]\" \/>\n<meta property=\"og:url\" content=\"https:\/\/www.changemaker.fi\/sv\/vad-ar-changemaker\/bli-medlem\/\" \/>\n<meta property=\"og:site_name\" content=\"Changemaker\" \/>\n<meta property=\"article:modified_time\" content=\"2018-05-25T08:54:15+00:00\" \/>\n<meta property=\"og:image\" content=\"https:\/\/www.changemaker.fi\/wp-content\/uploads\/liity_jaseneksi.jpg\" \/>\n\t<meta property=\"og:image:width\" content=\"680\" \/>\n\t<meta property=\"og:image:height\" content=\"383\" \/>\n\t<meta property=\"og:image:type\" content=\"image\/jpeg\" \/>\n<meta name=\"twitter:label1\" content=\"Est. reading time\" \/>\n\t<meta name=\"twitter:data1\" content=\"1 minute\" \/>\n<script type=\"application\/ld+json\" class=\"yoast-schema-graph\">{\"@context\":\"https:\\\/\\\/schema.org\",\"@graph\":[{\"@type\":\"WebPage\",\"@id\":\"https:\\\/\\\/www.changemaker.fi\\\/sv\\\/vad-ar-changemaker\\\/bli-medlem\\\/\",\"url\":\"https:\\\/\\\/www.changemaker.fi\\\/sv\\\/vad-ar-changemaker\\\/bli-medlem\\\/\",\"name\":\"Bli medlem - Changemaker\",\"isPartOf\":{\"@id\":\"https:\\\/\\\/www.changemaker.fi\\\/#website\"},\"primaryImageOfPage\":{\"@id\":\"https:\\\/\\\/www.changemaker.fi\\\/sv\\\/vad-ar-changemaker\\\/bli-medlem\\\/#primaryimage\"},\"image\":{\"@id\":\"https:\\\/\\\/www.changemaker.fi\\\/sv\\\/vad-ar-changemaker\\\/bli-medlem\\\/#primaryimage\"},\"thumbnailUrl\":\"https:\\\/\\\/www.changemaker.fi\\\/wp-content\\\/uploads\\\/liity_jaseneksi.jpg\",\"datePublished\":\"2013-11-06T10:40:04+00:00\",\"dateModified\":\"2018-05-25T08:54:15+00:00\",\"breadcrumb\":{\"@id\":\"https:\\\/\\\/www.changemaker.fi\\\/sv\\\/vad-ar-changemaker\\\/bli-medlem\\\/#breadcrumb\"},\"inLanguage\":\"sv\",\"potentialAction\":[{\"@type\":\"ReadAction\",\"target\":[\"https:\\\/\\\/www.changemaker.fi\\\/sv\\\/vad-ar-changemaker\\\/bli-medlem\\\/\"]}]},{\"@type\":\"ImageObject\",\"inLanguage\":\"sv\",\"@id\":\"https:\\\/\\\/www.changemaker.fi\\\/sv\\\/vad-ar-changemaker\\\/bli-medlem\\\/#primaryimage\",\"url\":\"https:\\\/\\\/www.changemaker.fi\\\/wp-content\\\/uploads\\\/liity_jaseneksi.jpg\",\"contentUrl\":\"https:\\\/\\\/www.changemaker.fi\\\/wp-content\\\/uploads\\\/liity_jaseneksi.jpg\",\"width\":680,\"height\":383,\"caption\":\"Liity j\u00e4seneksi\"},{\"@type\":\"BreadcrumbList\",\"@id\":\"https:\\\/\\\/www.changemaker.fi\\\/sv\\\/vad-ar-changemaker\\\/bli-medlem\\\/#breadcrumb\",\"itemListElement\":[{\"@type\":\"ListItem\",\"position\":1,\"name\":\"Home\",\"item\":\"https:\\\/\\\/www.changemaker.fi\\\/sv\\\/\"},{\"@type\":\"ListItem\",\"position\":2,\"name\":\"Vad \u00e4r Changemaker?\",\"item\":\"https:\\\/\\\/www.changemaker.fi\\\/sv\\\/vad-ar-changemaker\\\/\"},{\"@type\":\"ListItem\",\"position\":3,\"name\":\"Bli medlem\"}]},{\"@type\":\"WebSite\",\"@id\":\"https:\\\/\\\/www.changemaker.fi\\\/#website\",\"url\":\"https:\\\/\\\/www.changemaker.fi\\\/\",\"name\":\"Changemaker\",\"description\":\"\",\"potentialAction\":[{\"@type\":\"SearchAction\",\"target\":{\"@type\":\"EntryPoint\",\"urlTemplate\":\"https:\\\/\\\/www.changemaker.fi\\\/?s={search_term_string}\"},\"query-input\":{\"@type\":\"PropertyValueSpecification\",\"valueRequired\":true,\"valueName\":\"search_term_string\"}}],\"inLanguage\":\"sv\"}]}<\/script>\n<!-- \/ Yoast SEO plugin. -->","yoast_head_json":{"title":"Bli medlem - Changemaker","robots":{"index":"index","follow":"follow","max-snippet":"max-snippet:-1","max-image-preview":"max-image-preview:large","max-video-preview":"max-video-preview:-1"},"canonical":"https:\/\/www.changemaker.fi\/sv\/vad-ar-changemaker\/bli-medlem\/","og_locale":"en_US","og_type":"article","og_title":"Bli medlem - Changemaker","og_description":"Vill du verka f\u00f6r global r\u00e4ttvisa? Kom med och bli medlem \u2013 ungdomsn\u00e4tverket Changemaker \u00e4r till f\u00f6r dig! Changemakers verksamhet \u00e4r \u00f6ppen f\u00f6r alla. Du kan bli Changemakermedlem genom att fylla i formul\u00e4ret nedan. Medlemskapet \u00e4r gratis och f\u00f6rpliktigar inte till n\u00e5gonting, men det erbjuder dig m\u00e5nga m\u00f6jligheter. F\u00f6r att bli medlem i Changemaker skall [&hellip;]","og_url":"https:\/\/www.changemaker.fi\/sv\/vad-ar-changemaker\/bli-medlem\/","og_site_name":"Changemaker","article_modified_time":"2018-05-25T08:54:15+00:00","og_image":[{"width":680,"height":383,"url":"https:\/\/www.changemaker.fi\/wp-content\/uploads\/liity_jaseneksi.jpg","type":"image\/jpeg"}],"twitter_misc":{"Est. reading time":"1 minute"},"schema":{"@context":"https:\/\/schema.org","@graph":[{"@type":"WebPage","@id":"https:\/\/www.changemaker.fi\/sv\/vad-ar-changemaker\/bli-medlem\/","url":"https:\/\/www.changemaker.fi\/sv\/vad-ar-changemaker\/bli-medlem\/","name":"Bli medlem - Changemaker","isPartOf":{"@id":"https:\/\/www.changemaker.fi\/#website"},"primaryImageOfPage":{"@id":"https:\/\/www.changemaker.fi\/sv\/vad-ar-changemaker\/bli-medlem\/#primaryimage"},"image":{"@id":"https:\/\/www.changemaker.fi\/sv\/vad-ar-changemaker\/bli-medlem\/#primaryimage"},"thumbnailUrl":"https:\/\/www.changemaker.fi\/wp-content\/uploads\/liity_jaseneksi.jpg","datePublished":"2013-11-06T10:40:04+00:00","dateModified":"2018-05-25T08:54:15+00:00","breadcrumb":{"@id":"https:\/\/www.changemaker.fi\/sv\/vad-ar-changemaker\/bli-medlem\/#breadcrumb"},"inLanguage":"sv","potentialAction":[{"@type":"ReadAction","target":["https:\/\/www.changemaker.fi\/sv\/vad-ar-changemaker\/bli-medlem\/"]}]},{"@type":"ImageObject","inLanguage":"sv","@id":"https:\/\/www.changemaker.fi\/sv\/vad-ar-changemaker\/bli-medlem\/#primaryimage","url":"https:\/\/www.changemaker.fi\/wp-content\/uploads\/liity_jaseneksi.jpg","contentUrl":"https:\/\/www.changemaker.fi\/wp-content\/uploads\/liity_jaseneksi.jpg","width":680,"height":383,"caption":"Liity j\u00e4seneksi"},{"@type":"BreadcrumbList","@id":"https:\/\/www.changemaker.fi\/sv\/vad-ar-changemaker\/bli-medlem\/#breadcrumb","itemListElement":[{"@type":"ListItem","position":1,"name":"Home","item":"https:\/\/www.changemaker.fi\/sv\/"},{"@type":"ListItem","position":2,"name":"Vad \u00e4r Changemaker?","item":"https:\/\/www.changemaker.fi\/sv\/vad-ar-changemaker\/"},{"@type":"ListItem","position":3,"name":"Bli medlem"}]},{"@type":"WebSite","@id":"https:\/\/www.changemaker.fi\/#website","url":"https:\/\/www.changemaker.fi\/","name":"Changemaker","description":"","potentialAction":[{"@type":"SearchAction","target":{"@type":"EntryPoint","urlTemplate":"https:\/\/www.changemaker.fi\/?s={search_term_string}"},"query-input":{"@type":"PropertyValueSpecification","valueRequired":true,"valueName":"search_term_string"}}],"inLanguage":"sv"}]}},"_links":{"self":[{"href":"https:\/\/www.changemaker.fi\/sv\/wp-json\/wp\/v2\/pages\/570","targetHints":{"allow":["GET"]}}],"collection":[{"href":"https:\/\/www.changemaker.fi\/sv\/wp-json\/wp\/v2\/pages"}],"about":[{"href":"https:\/\/www.changemaker.fi\/sv\/wp-json\/wp\/v2\/types\/page"}],"author":[{"embeddable":true,"href":"https:\/\/www.changemaker.fi\/sv\/wp-json\/wp\/v2\/users\/1001017"}],"replies":[{"embeddable":true,"href":"https:\/\/www.changemaker.fi\/sv\/wp-json\/wp\/v2\/comments?post=570"}],"version-history":[{"count":11,"href":"https:\/\/www.changemaker.fi\/sv\/wp-json\/wp\/v2\/pages\/570\/revisions"}],"predecessor-version":[{"id":9158,"href":"https:\/\/www.changemaker.fi\/sv\/wp-json\/wp\/v2\/pages\/570\/revisions\/9158"}],"up":[{"embeddable":true,"href":"https:\/\/www.changemaker.fi\/sv\/wp-json\/wp\/v2\/pages\/5155"}],"wp:featuredmedia":[{"embeddable":true,"href":"https:\/\/www.changemaker.fi\/sv\/wp-json\/wp\/v2\/media\/402"}],"wp:attachment":[{"href":"https:\/\/www.changemaker.fi\/sv\/wp-json\/wp\/v2\/media?parent=570"}],"curies":[{"name":"wp","href":"https:\/\/api.w.org\/{rel}","templated":true}]}}